{"id":98,"date":"2019-01-08T20:37:02","date_gmt":"2019-01-08T20:37:02","guid":{"rendered":"http:\/\/sportat.se\/?post_type=product&#038;p=98"},"modified":"2026-02-01T13:58:27","modified_gmt":"2026-02-01T12:58:27","slug":"examination-av-paddelpasset-bla-niva-havskajak","status":"publish","type":"product","link":"https:\/\/sportat.se\/en\/product\/examination-av-paddelpasset-bla-niva-havskajak\/","title":{"rendered":"Examination av Paddelpasset Niv\u00e5 Bl\u00e5 &#8211; Havskajak"},"content":{"rendered":"<p>Examination av Paddelpasset niv\u00e5 bl\u00e5 f\u00f6r havskajak.<\/p>\n<p>&nbsp;<\/p>","protected":false},"excerpt":{"rendered":"<p>Examination av paddelpasset bl\u00e5 niv\u00e5 f\u00f6r Havskajak.<\/p>\n<p>Mer information om moment som ing\u00e5r i examinationen hittar du <a href=\"https:\/\/kanot.com\/utbildning\/paddelpasset\/bla---niva-3\/havskajak-bla\">h\u00e4r.<\/a><\/p>","protected":false},"featured_media":8695,"template":"","meta":[],"product_brand":[],"product_cat":[46,51],"product_tag":[],"class_list":{"0":"post-98","1":"product","2":"type-product","3":"status-publish","4":"has-post-thumbnail","6":"product_cat-paddling","7":"product_cat-paddelpasset-niva-bla","9":"first","10":"instock","11":"virtual","12":"sold-individually","13":"taxable","14":"purchasable","15":"product-type-phive_booking"},"_links":{"self":[{"href":"https:\/\/sportat.se\/en\/wp-json\/wp\/v2\/product\/98","targetHints":{"allow":["GET"]}}],"collection":[{"href":"https:\/\/sportat.se\/en\/wp-json\/wp\/v2\/product"}],"about":[{"href":"https:\/\/sportat.se\/en\/wp-json\/wp\/v2\/types\/product"}],"version-history":[{"count":3,"href":"https:\/\/sportat.se\/en\/wp-json\/wp\/v2\/product\/98\/revisions"}],"predecessor-version":[{"id":763,"href":"https:\/\/sportat.se\/en\/wp-json\/wp\/v2\/product\/98\/revisions\/763"}],"wp:featuredmedia":[{"embeddable":true,"href":"https:\/\/sportat.se\/en\/wp-json\/wp\/v2\/media\/8695"}],"wp:attachment":[{"href":"https:\/\/sportat.se\/en\/wp-json\/wp\/v2\/media?parent=98"}],"wp:term":[{"taxonomy":"product_brand","embeddable":true,"href":"https:\/\/sportat.se\/en\/wp-json\/wp\/v2\/product_brand?post=98"},{"taxonomy":"product_cat","embeddable":true,"href":"https:\/\/sportat.se\/en\/wp-json\/wp\/v2\/product_cat?post=98"},{"taxonomy":"product_tag","embeddable":true,"href":"https:\/\/sportat.se\/en\/wp-json\/wp\/v2\/product_tag?post=98"}],"curies":[{"name":"wp","href":"https:\/\/api.w.org\/{rel}","templated":true}]}}