{"id":975,"date":"2019-08-11T11:19:31","date_gmt":"2019-08-11T11:19:31","guid":{"rendered":"http:\/\/sportat.se\/?post_type=product&#038;p=975"},"modified":"2026-03-01T21:03:41","modified_gmt":"2026-03-01T20:03:41","slug":"fortsattnings-kurs-mot-epp-bla-fors","status":"publish","type":"product","link":"https:\/\/sportat.se\/en\/product\/fortsattnings-kurs-mot-epp-bla-fors\/","title":{"rendered":"Forts\u00e4ttningskurs Forspaddling"},"content":{"rendered":"","protected":false},"excerpt":{"rendered":"<p>En kurs f\u00f6r dig som har f\u00e5tt mersmak f\u00f6r forspaddling och vill k\u00e4nna dig trygg i kraftigare forsar.<\/p>\n<p>Kursen \u00e4r p\u00e5 tv\u00e5 dagar och har inriktning mot paddelpassets niv\u00e5 3 &#8211; Bl\u00e5tt.<\/p>\n<p>Mer information om niv\u00e5 tre kan du hitta <a href=\"https:\/\/kanot.com\/utbildning\/paddelpasset\/bla---niva-3\/forskajak-bla\">h\u00e4r.<\/a><\/p>\n<p>Kursen g\u00e5r i Gysinge forsarna i Dal\u00e4lven.<\/p>","protected":false},"featured_media":8695,"template":"","meta":[],"product_brand":[],"product_cat":[28,46,51,88],"product_tag":[],"class_list":{"0":"post-975","1":"product","2":"type-product","3":"status-publish","4":"has-post-thumbnail","6":"product_cat-friskvard","7":"product_cat-paddling","8":"product_cat-paddelpasset-niva-bla","9":"product_cat-paddling-friskvard","11":"first","12":"instock","13":"virtual","14":"sold-individually","15":"taxable","16":"purchasable","17":"product-type-phive_booking"},"_links":{"self":[{"href":"https:\/\/sportat.se\/en\/wp-json\/wp\/v2\/product\/975","targetHints":{"allow":["GET"]}}],"collection":[{"href":"https:\/\/sportat.se\/en\/wp-json\/wp\/v2\/product"}],"about":[{"href":"https:\/\/sportat.se\/en\/wp-json\/wp\/v2\/types\/product"}],"version-history":[{"count":6,"href":"https:\/\/sportat.se\/en\/wp-json\/wp\/v2\/product\/975\/revisions"}],"predecessor-version":[{"id":8762,"href":"https:\/\/sportat.se\/en\/wp-json\/wp\/v2\/product\/975\/revisions\/8762"}],"wp:featuredmedia":[{"embeddable":true,"href":"https:\/\/sportat.se\/en\/wp-json\/wp\/v2\/media\/8695"}],"wp:attachment":[{"href":"https:\/\/sportat.se\/en\/wp-json\/wp\/v2\/media?parent=975"}],"wp:term":[{"taxonomy":"product_brand","embeddable":true,"href":"https:\/\/sportat.se\/en\/wp-json\/wp\/v2\/product_brand?post=975"},{"taxonomy":"product_cat","embeddable":true,"href":"https:\/\/sportat.se\/en\/wp-json\/wp\/v2\/product_cat?post=975"},{"taxonomy":"product_tag","embeddable":true,"href":"https:\/\/sportat.se\/en\/wp-json\/wp\/v2\/product_tag?post=975"}],"curies":[{"name":"wp","href":"https:\/\/api.w.org\/{rel}","templated":true}]}}