{"id":972,"date":"2019-08-11T11:17:35","date_gmt":"2019-08-11T11:17:35","guid":{"rendered":"http:\/\/sportat.se\/?post_type=product&#038;p=972"},"modified":"2026-03-20T21:23:28","modified_gmt":"2026-03-20T20:23:28","slug":"fortsattningskurs-niva-3-havskajak","status":"publish","type":"product","link":"https:\/\/sportat.se\/en\/product\/fortsattningskurs-niva-3-havskajak\/","title":{"rendered":"Forts\u00e4ttningskurs niv\u00e5 3 Havskajak"},"content":{"rendered":"","protected":false},"excerpt":{"rendered":"<p>Den h\u00e4r kursen passar dig som har f\u00e5tt mersmak p\u00e5 havspaddling och vill l\u00e4ra dig att paddla i mer kr\u00e4vande milj\u00f6er.<\/p>\n<p>Kursen fokuserar p\u00e5 att deltagarna ska klara av paddelpassets niv\u00e5 3 \u2013 Bl\u00e5.<\/p>\n<p>Mer information om Niv\u00e5 3 f\u00f6r havskajak hittar du <a href=\"https:\/\/kanot.com\/utbildning\/paddelpasset\/bla---niva-3\/havskajak-bla\">h\u00e4r<\/a><\/p>\n<p>Kursen \u00e4r p\u00e5 tv\u00e5 dagar och all utrustning ing\u00e5r.<\/p>","protected":false},"featured_media":8695,"template":"","meta":[],"product_brand":[],"product_cat":[28,46,51,88],"product_tag":[],"class_list":{"0":"post-972","1":"product","2":"type-product","3":"status-publish","4":"has-post-thumbnail","6":"product_cat-friskvard","7":"product_cat-paddling","8":"product_cat-paddelpasset-niva-bla","9":"product_cat-paddling-friskvard","11":"first","12":"instock","13":"virtual","14":"sold-individually","15":"taxable","16":"purchasable","17":"product-type-phive_booking"},"_links":{"self":[{"href":"https:\/\/sportat.se\/en\/wp-json\/wp\/v2\/product\/972","targetHints":{"allow":["GET"]}}],"collection":[{"href":"https:\/\/sportat.se\/en\/wp-json\/wp\/v2\/product"}],"about":[{"href":"https:\/\/sportat.se\/en\/wp-json\/wp\/v2\/types\/product"}],"version-history":[{"count":3,"href":"https:\/\/sportat.se\/en\/wp-json\/wp\/v2\/product\/972\/revisions"}],"predecessor-version":[{"id":8780,"href":"https:\/\/sportat.se\/en\/wp-json\/wp\/v2\/product\/972\/revisions\/8780"}],"wp:featuredmedia":[{"embeddable":true,"href":"https:\/\/sportat.se\/en\/wp-json\/wp\/v2\/media\/8695"}],"wp:attachment":[{"href":"https:\/\/sportat.se\/en\/wp-json\/wp\/v2\/media?parent=972"}],"wp:term":[{"taxonomy":"product_brand","embeddable":true,"href":"https:\/\/sportat.se\/en\/wp-json\/wp\/v2\/product_brand?post=972"},{"taxonomy":"product_cat","embeddable":true,"href":"https:\/\/sportat.se\/en\/wp-json\/wp\/v2\/product_cat?post=972"},{"taxonomy":"product_tag","embeddable":true,"href":"https:\/\/sportat.se\/en\/wp-json\/wp\/v2\/product_tag?post=972"}],"curies":[{"name":"wp","href":"https:\/\/api.w.org\/{rel}","templated":true}]}}