{"id":97,"date":"2019-01-08T20:32:27","date_gmt":"2019-01-08T20:32:27","guid":{"rendered":"http:\/\/sportat.se\/?post_type=product&#038;p=97"},"modified":"2026-01-25T20:53:54","modified_gmt":"2026-01-25T19:53:54","slug":"examination-av-paddelpasset-gron-niva-fors","status":"publish","type":"product","link":"https:\/\/sportat.se\/en\/product\/examination-av-paddelpasset-gron-niva-fors\/","title":{"rendered":"Examination av Paddelpasset Gr\u00f6n niv\u00e5 &#8211; Fors"},"content":{"rendered":"<p>Examination av Paddelpass niv\u00e5 2 &#8211; fors.<\/p>","protected":false},"excerpt":{"rendered":"<p>Examination av paddelpass niv\u00e5 2 Gr\u00f6n- fors<\/p>","protected":false},"featured_media":8676,"template":"","meta":[],"product_brand":[],"product_cat":[46,48],"product_tag":[],"class_list":{"0":"post-97","1":"product","2":"type-product","3":"status-publish","4":"has-post-thumbnail","6":"product_cat-paddling","7":"product_cat-paddelpasset-niva-gron","9":"first","10":"instock","11":"virtual","12":"sold-individually","13":"taxable","14":"purchasable","15":"product-type-phive_booking"},"_links":{"self":[{"href":"https:\/\/sportat.se\/en\/wp-json\/wp\/v2\/product\/97","targetHints":{"allow":["GET"]}}],"collection":[{"href":"https:\/\/sportat.se\/en\/wp-json\/wp\/v2\/product"}],"about":[{"href":"https:\/\/sportat.se\/en\/wp-json\/wp\/v2\/types\/product"}],"version-history":[{"count":4,"href":"https:\/\/sportat.se\/en\/wp-json\/wp\/v2\/product\/97\/revisions"}],"predecessor-version":[{"id":8742,"href":"https:\/\/sportat.se\/en\/wp-json\/wp\/v2\/product\/97\/revisions\/8742"}],"wp:featuredmedia":[{"embeddable":true,"href":"https:\/\/sportat.se\/en\/wp-json\/wp\/v2\/media\/8676"}],"wp:attachment":[{"href":"https:\/\/sportat.se\/en\/wp-json\/wp\/v2\/media?parent=97"}],"wp:term":[{"taxonomy":"product_brand","embeddable":true,"href":"https:\/\/sportat.se\/en\/wp-json\/wp\/v2\/product_brand?post=97"},{"taxonomy":"product_cat","embeddable":true,"href":"https:\/\/sportat.se\/en\/wp-json\/wp\/v2\/product_cat?post=97"},{"taxonomy":"product_tag","embeddable":true,"href":"https:\/\/sportat.se\/en\/wp-json\/wp\/v2\/product_tag?post=97"}],"curies":[{"name":"wp","href":"https:\/\/api.w.org\/{rel}","templated":true}]}}