{"id":96,"date":"2019-01-08T20:27:59","date_gmt":"2019-01-08T20:27:59","guid":{"rendered":"http:\/\/sportat.se\/?post_type=product&#038;p=96"},"modified":"2026-01-25T20:41:50","modified_gmt":"2026-01-25T19:41:50","slug":"examination-av-paddelpasset-gron-niva-kajak","status":"publish","type":"product","link":"https:\/\/sportat.se\/en\/product\/examination-av-paddelpasset-gron-niva-kajak\/","title":{"rendered":"Examination av Paddelpasset Gr\u00f6n niv\u00e5 &#8211; Kajak"},"content":{"rendered":"<p>Examination av gr\u00f6nt paddelpass f\u00f6r kajak<\/p>","protected":false},"excerpt":{"rendered":"<p>Examination av Paddelpasset niv\u00e5 2 Gr\u00f6n- Kajak<\/p>","protected":false},"featured_media":8676,"template":"","meta":[],"product_brand":[],"product_cat":[46,48],"product_tag":[],"class_list":{"0":"post-96","1":"product","2":"type-product","3":"status-publish","4":"has-post-thumbnail","6":"product_cat-paddling","7":"product_cat-paddelpasset-niva-gron","9":"first","10":"instock","11":"virtual","12":"sold-individually","13":"taxable","14":"purchasable","15":"product-type-phive_booking"},"_links":{"self":[{"href":"https:\/\/sportat.se\/en\/wp-json\/wp\/v2\/product\/96","targetHints":{"allow":["GET"]}}],"collection":[{"href":"https:\/\/sportat.se\/en\/wp-json\/wp\/v2\/product"}],"about":[{"href":"https:\/\/sportat.se\/en\/wp-json\/wp\/v2\/types\/product"}],"version-history":[{"count":3,"href":"https:\/\/sportat.se\/en\/wp-json\/wp\/v2\/product\/96\/revisions"}],"predecessor-version":[{"id":8743,"href":"https:\/\/sportat.se\/en\/wp-json\/wp\/v2\/product\/96\/revisions\/8743"}],"wp:featuredmedia":[{"embeddable":true,"href":"https:\/\/sportat.se\/en\/wp-json\/wp\/v2\/media\/8676"}],"wp:attachment":[{"href":"https:\/\/sportat.se\/en\/wp-json\/wp\/v2\/media?parent=96"}],"wp:term":[{"taxonomy":"product_brand","embeddable":true,"href":"https:\/\/sportat.se\/en\/wp-json\/wp\/v2\/product_brand?post=96"},{"taxonomy":"product_cat","embeddable":true,"href":"https:\/\/sportat.se\/en\/wp-json\/wp\/v2\/product_cat?post=96"},{"taxonomy":"product_tag","embeddable":true,"href":"https:\/\/sportat.se\/en\/wp-json\/wp\/v2\/product_tag?post=96"}],"curies":[{"name":"wp","href":"https:\/\/api.w.org\/{rel}","templated":true}]}}