{"id":95,"date":"2019-01-08T20:26:14","date_gmt":"2019-01-08T20:26:14","guid":{"rendered":"http:\/\/sportat.se\/?post_type=product&#038;p=95"},"modified":"2026-01-25T19:25:35","modified_gmt":"2026-01-25T18:25:35","slug":"examination-av-gult-paddelpass","status":"publish","type":"product","link":"https:\/\/sportat.se\/en\/product\/examination-av-gult-paddelpass\/","title":{"rendered":"Examination av Paddelpasset gul niv\u00e5"},"content":{"rendered":"<p>Examination av gult paddelpass.<\/p>","protected":false},"excerpt":{"rendered":"<p>Examination av gult paddelpass \u00e4r f\u00f6r dig som har viss paddelvana och vill ha din f\u00f6rm\u00e5ga bekr\u00e4ftat genom en examination utan att g\u00e5 n\u00e5gon av v\u00e5ra kurser.<\/p>\n<p>Mer information om olika moment som ing\u00e5r i examinationen kan du hitta genom att <a href=\"https:\/\/kanot.com\/utbildning\/paddelpasset\/gul---niva-1\">kicka h\u00e4r<\/a><\/p>\n<p>Examination tar ca tv\u00e5 timmar och all utrustning ing\u00e5r i avgiften.<\/p>","protected":false},"featured_media":8677,"template":"","meta":[],"product_brand":[],"product_cat":[28,46,47,88],"product_tag":[],"class_list":{"0":"post-95","1":"product","2":"type-product","3":"status-publish","4":"has-post-thumbnail","6":"product_cat-friskvard","7":"product_cat-paddling","8":"product_cat-paddelpasset-niva-gul","9":"product_cat-paddling-friskvard","11":"first","12":"instock","13":"virtual","14":"sold-individually","15":"taxable","16":"purchasable","17":"product-type-phive_booking"},"_links":{"self":[{"href":"https:\/\/sportat.se\/en\/wp-json\/wp\/v2\/product\/95","targetHints":{"allow":["GET"]}}],"collection":[{"href":"https:\/\/sportat.se\/en\/wp-json\/wp\/v2\/product"}],"about":[{"href":"https:\/\/sportat.se\/en\/wp-json\/wp\/v2\/types\/product"}],"version-history":[{"count":5,"href":"https:\/\/sportat.se\/en\/wp-json\/wp\/v2\/product\/95\/revisions"}],"predecessor-version":[{"id":8729,"href":"https:\/\/sportat.se\/en\/wp-json\/wp\/v2\/product\/95\/revisions\/8729"}],"wp:featuredmedia":[{"embeddable":true,"href":"https:\/\/sportat.se\/en\/wp-json\/wp\/v2\/media\/8677"}],"wp:attachment":[{"href":"https:\/\/sportat.se\/en\/wp-json\/wp\/v2\/media?parent=95"}],"wp:term":[{"taxonomy":"product_brand","embeddable":true,"href":"https:\/\/sportat.se\/en\/wp-json\/wp\/v2\/product_brand?post=95"},{"taxonomy":"product_cat","embeddable":true,"href":"https:\/\/sportat.se\/en\/wp-json\/wp\/v2\/product_cat?post=95"},{"taxonomy":"product_tag","embeddable":true,"href":"https:\/\/sportat.se\/en\/wp-json\/wp\/v2\/product_tag?post=95"}],"curies":[{"name":"wp","href":"https:\/\/api.w.org\/{rel}","templated":true}]}}