{"id":934,"date":"2019-07-27T19:34:55","date_gmt":"2019-07-27T19:34:55","guid":{"rendered":"http:\/\/sportat.se\/?post_type=product&#038;p=934"},"modified":"2022-06-15T19:43:38","modified_gmt":"2022-06-15T19:43:38","slug":"ledarkurs-havskajakledare-1","status":"publish","type":"product","link":"https:\/\/sportat.se\/en\/product\/ledarkurs-havskajakledare-1\/","title":{"rendered":"Ledarkurs Havskajakledare 1"},"content":{"rendered":"<p>Kursinneh\u00e5ll:<\/p>\n<p>Utbildningen inneh\u00e5ller b\u00e5de praktik och teori inom:<\/p>\n<ul>\n<li>Teknikens grunder A: Introduktion av modellen f\u00f6r Teknikens grunder.<\/li>\n<li>Till\u00e4mpat ledarskap A: Att f\u00f6rst\u00e5 sitt sammanhang, roll och m\u00e5l. Att introducera, genomf\u00f6ra och utv\u00e4rdera en kort tur. Grundl\u00e4ggande gruppdynamik.<\/li>\n<li>Pedagogik A: Att anv\u00e4nda pedagogiska modeller som st\u00f6d f\u00f6r att genomf\u00f6ra pass, att skapa ett l\u00e4rande klimat, att anpassa instruktioner till grupp, individ och milj\u00f6.<\/li>\n<li>Milj\u00f6kunskap A: Milj\u00f6fr\u00e5gor och allemansr\u00e4tten ur ett ledarperspektiv.<\/li>\n<li>S\u00e4kerhet A: S\u00e4kerhet och r\u00e4ddning i praktiken i den aktuella milj\u00f6n. Grundl\u00e4ggande riskanalys och hantering.<\/li>\n<\/ul>\n<p><strong>F\u00f6rkunskapskrav:<\/strong><br \/>\nGSRT (Grundl\u00e4ggande S\u00e4kerhet &amp; R\u00e4ddningsteknik)<br \/>\nF\u00f6rsta hj\u00e4lpen utbildning (g\u00e4rna F\u00f6rsta Hj\u00e4lpen f\u00f6r kanotister)<br \/>\nGr\u00f6nt paddelpass<\/p>","protected":false},"excerpt":{"rendered":"<p>Svenska Kanotf\u00f6rbundets f\u00f6rsta utbildning f\u00f6r Havskajakledare riktar sig till dig som leder, guidar eller instruerar grupper i lugnare vatten, upp till gr\u00f6n niv\u00e5 inom Paddelpasset.<\/p>\n<p>Fokus f\u00f6r Havskajakledare 1 \u00e4r att inspirera nya kanotister till fortsatt paddling, samt den viktiga rollen att underl\u00e4tta f\u00f6r dem att etablera riktiga grundtekniker. Detta inneb\u00e4r att instruera grundl\u00e4ggande paddlingsteknik, milj\u00f6 och s\u00e4kerhet i lugna f\u00f6rh\u00e5llanden relativt n\u00e4ra land. Trygghet och gl\u00e4dje i kajaken \u00e4r basen, tillsammans med fina naturupplevelser.<\/p>\n<p>Utbildningen \u00e4r p\u00e5 24 timmar\/tre dagar och uppl\u00e4gget kan skilja sig lite fr\u00e5n g\u00e5ng till g\u00e5ng beroende p\u00e5 var utbildningen h\u00e5lls. Utbildning \u00e4r uppbyggd kring modulerna Teknikens Grunder A, Till\u00e4mpat Ledarskap A, Pedagogik A, S\u00e4kerhet A samt Milj\u00f6kunskap A<\/p>\n<p>&nbsp;<\/p>","protected":false},"featured_media":1792,"template":"","meta":[],"product_brand":[],"product_cat":[46,74],"product_tag":[],"class_list":{"0":"post-934","1":"product","2":"type-product","3":"status-publish","4":"has-post-thumbnail","6":"product_cat-paddling","7":"product_cat-ledarkurser","9":"first","10":"instock","11":"taxable","12":"shipping-taxable","13":"purchasable","14":"product-type-simple"},"_links":{"self":[{"href":"https:\/\/sportat.se\/en\/wp-json\/wp\/v2\/product\/934","targetHints":{"allow":["GET"]}}],"collection":[{"href":"https:\/\/sportat.se\/en\/wp-json\/wp\/v2\/product"}],"about":[{"href":"https:\/\/sportat.se\/en\/wp-json\/wp\/v2\/types\/product"}],"version-history":[{"count":0,"href":"https:\/\/sportat.se\/en\/wp-json\/wp\/v2\/product\/934\/revisions"}],"wp:featuredmedia":[{"embeddable":true,"href":"https:\/\/sportat.se\/en\/wp-json\/wp\/v2\/media\/1792"}],"wp:attachment":[{"href":"https:\/\/sportat.se\/en\/wp-json\/wp\/v2\/media?parent=934"}],"wp:term":[{"taxonomy":"product_brand","embeddable":true,"href":"https:\/\/sportat.se\/en\/wp-json\/wp\/v2\/product_brand?post=934"},{"taxonomy":"product_cat","embeddable":true,"href":"https:\/\/sportat.se\/en\/wp-json\/wp\/v2\/product_cat?post=934"},{"taxonomy":"product_tag","embeddable":true,"href":"https:\/\/sportat.se\/en\/wp-json\/wp\/v2\/product_tag?post=934"}],"curies":[{"name":"wp","href":"https:\/\/api.w.org\/{rel}","templated":true}]}}