{"id":930,"date":"2019-07-27T15:03:18","date_gmt":"2019-07-27T15:03:18","guid":{"rendered":"http:\/\/sportat.se\/?post_type=product&#038;p=930"},"modified":"2026-01-25T20:55:04","modified_gmt":"2026-01-25T19:55:04","slug":"fortsattningskurs-niva-3-kajak","status":"publish","type":"product","link":"https:\/\/sportat.se\/en\/product\/fortsattningskurs-niva-3-kajak\/","title":{"rendered":"Forts\u00e4ttningskurs niv\u00e5 3 &#8211; Kajak"},"content":{"rendered":"<p>Kursinneh\u00e5ll:<\/p>\n<p><strong>Teknik\/Ergonomi<br \/>\n<\/strong>Lyfta, b\u00e4ra och l\u00e4gga i kajaken<br \/>\nEffektiv paddling fram\u00e5t med f\u00f6rm\u00e5ga att h\u00e5lla \u00f6nskad linje<br \/>\nPaddla bak\u00e5t och stanna<br \/>\nF\u00f6rflytta kajaken i sidled<br \/>\nL\u00e5g st\u00f6ttning f\u00f6r att undvika kapsejsning<br \/>\nH\u00f6ga st\u00f6d<br \/>\nKursh\u00e5llning med akterroder<br \/>\nKontrollerad kantning<br \/>\nV\u00e4ndning med svep-\/backsvep<br \/>\nAng\u00f6ra och stiga ur kajaken<br \/>\nL\u00e4gg kanoten s\u00e4kert p\u00e5 land<\/p>\n<p><strong>S\u00e4kerhet<br \/>\n<\/strong>Simma in till land och t\u00f6mma kajaken (om det \u00e4r relevant f\u00f6r kajakmodellen)<br \/>\nKapsejsa, ta hand om utrustningen, simma till land, \u00e5teruppta paddlingen.<br \/>\nVisa st\u00e4vr\u00e4ddning eller god b\u00f6rjan p\u00e5 roll (om kajaken \u00e4r l\u00e4mplig f\u00f6r detta).<br \/>\nF\u00f6r surfski-paddlare ing\u00e5r ist\u00e4llet re-entry p\u00e5 djupt, stillast\u00e5ende vatten.<\/p>\n<p><strong>Milj\u00f6 och uppf\u00f6rande<br \/>\n<\/strong>Vad g\u00e4ller milj\u00f6 och uppf\u00f6rande g\u00e4ller samma principer som p\u00e5 den f\u00f6reg\u00e5ende gula niv\u00e5n. De tre grundbudskapen \u00e4r:<\/p>\n<ul>\n<li>K\u00e4nn till din kapacitet och h\u00e5ll dig inom dessa ramar<\/li>\n<li>Respektera naturen, fokus p\u00e5 kunskap om allemansr\u00e4tten<\/li>\n<li>F\u00f6lj principerna om Fair Play vid tr\u00e4ning och t\u00e4vling<\/li>\n<\/ul>","protected":false},"excerpt":{"rendered":"<p>Den h\u00e4r kursen riktar sig till dig som har f\u00e5tt mersmak p\u00e5 paddling. M\u00e5let med kursen \u00e4r att s\u00e4tta\u00a0 grunderna i teknik, s\u00e4kerhet och milj\u00f6 p\u00e5 plats, och det \u00e4r nu dags att utveckla dessa f\u00f6r att fullborda goda grunder. Utveckling, gl\u00e4dje och k\u00e4nsla utg\u00f6r nyckelord f\u00f6r den h\u00e4r niv\u00e5n. Dessa symboliseras v\u00e4l av ett av m\u00e5len som handlar om att finna ett driv i paddlingen snarare \u00e4n koncentration p\u00e5 de enskilda paddeltagen. Kursen kan genomf\u00f6ras i valbara kajaktyper p\u00e5 stillast\u00e5ende vatten.<\/p>","protected":false},"featured_media":8676,"template":"","meta":[],"product_brand":[],"product_cat":[28,46,48,88],"product_tag":[],"class_list":{"0":"post-930","1":"product","2":"type-product","3":"status-publish","4":"has-post-thumbnail","6":"product_cat-friskvard","7":"product_cat-paddling","8":"product_cat-paddelpasset-niva-gron","9":"product_cat-paddling-friskvard","11":"first","12":"instock","13":"virtual","14":"sold-individually","15":"taxable","16":"purchasable","17":"product-type-phive_booking"},"_links":{"self":[{"href":"https:\/\/sportat.se\/en\/wp-json\/wp\/v2\/product\/930","targetHints":{"allow":["GET"]}}],"collection":[{"href":"https:\/\/sportat.se\/en\/wp-json\/wp\/v2\/product"}],"about":[{"href":"https:\/\/sportat.se\/en\/wp-json\/wp\/v2\/types\/product"}],"version-history":[{"count":1,"href":"https:\/\/sportat.se\/en\/wp-json\/wp\/v2\/product\/930\/revisions"}],"predecessor-version":[{"id":8704,"href":"https:\/\/sportat.se\/en\/wp-json\/wp\/v2\/product\/930\/revisions\/8704"}],"wp:featuredmedia":[{"embeddable":true,"href":"https:\/\/sportat.se\/en\/wp-json\/wp\/v2\/media\/8676"}],"wp:attachment":[{"href":"https:\/\/sportat.se\/en\/wp-json\/wp\/v2\/media?parent=930"}],"wp:term":[{"taxonomy":"product_brand","embeddable":true,"href":"https:\/\/sportat.se\/en\/wp-json\/wp\/v2\/product_brand?post=930"},{"taxonomy":"product_cat","embeddable":true,"href":"https:\/\/sportat.se\/en\/wp-json\/wp\/v2\/product_cat?post=930"},{"taxonomy":"product_tag","embeddable":true,"href":"https:\/\/sportat.se\/en\/wp-json\/wp\/v2\/product_tag?post=930"}],"curies":[{"name":"wp","href":"https:\/\/api.w.org\/{rel}","templated":true}]}}