{"id":929,"date":"2019-07-27T08:47:39","date_gmt":"2019-07-27T08:47:39","guid":{"rendered":"http:\/\/sportat.se\/?post_type=product&#038;p=929"},"modified":"2026-01-25T20:47:44","modified_gmt":"2026-01-25T19:47:44","slug":"examination-av-paddelpasset-gron-niva-kanadensare","status":"publish","type":"product","link":"https:\/\/sportat.se\/en\/product\/examination-av-paddelpasset-gron-niva-kanadensare\/","title":{"rendered":"Examination av Paddelpasset gr\u00f6n niv\u00e5 &#8211; Kanadensare"},"content":{"rendered":"<p>Examination av Paddelpasset niv\u00e5 2 &#8211; Kanadensare<\/p>","protected":false},"excerpt":{"rendered":"<p>Examination av Paddelpasset niv\u00e5 2 &#8211; Kanadensare.<\/p>","protected":false},"featured_media":8676,"template":"","meta":[],"product_brand":[],"product_cat":[46,48],"product_tag":[],"class_list":{"0":"post-929","1":"product","2":"type-product","3":"status-publish","4":"has-post-thumbnail","6":"product_cat-paddling","7":"product_cat-paddelpasset-niva-gron","9":"first","10":"instock","11":"virtual","12":"sold-individually","13":"taxable","14":"purchasable","15":"product-type-phive_booking"},"_links":{"self":[{"href":"https:\/\/sportat.se\/en\/wp-json\/wp\/v2\/product\/929","targetHints":{"allow":["GET"]}}],"collection":[{"href":"https:\/\/sportat.se\/en\/wp-json\/wp\/v2\/product"}],"about":[{"href":"https:\/\/sportat.se\/en\/wp-json\/wp\/v2\/types\/product"}],"version-history":[{"count":3,"href":"https:\/\/sportat.se\/en\/wp-json\/wp\/v2\/product\/929\/revisions"}],"predecessor-version":[{"id":8747,"href":"https:\/\/sportat.se\/en\/wp-json\/wp\/v2\/product\/929\/revisions\/8747"}],"wp:featuredmedia":[{"embeddable":true,"href":"https:\/\/sportat.se\/en\/wp-json\/wp\/v2\/media\/8676"}],"wp:attachment":[{"href":"https:\/\/sportat.se\/en\/wp-json\/wp\/v2\/media?parent=929"}],"wp:term":[{"taxonomy":"product_brand","embeddable":true,"href":"https:\/\/sportat.se\/en\/wp-json\/wp\/v2\/product_brand?post=929"},{"taxonomy":"product_cat","embeddable":true,"href":"https:\/\/sportat.se\/en\/wp-json\/wp\/v2\/product_cat?post=929"},{"taxonomy":"product_tag","embeddable":true,"href":"https:\/\/sportat.se\/en\/wp-json\/wp\/v2\/product_tag?post=929"}],"curies":[{"name":"wp","href":"https:\/\/api.w.org\/{rel}","templated":true}]}}