{"id":8357,"date":"2025-05-25T19:42:01","date_gmt":"2025-05-25T17:42:01","guid":{"rendered":"https:\/\/sportat.se\/?post_type=product&#038;p=8357"},"modified":"2026-04-28T11:46:42","modified_gmt":"2026-04-28T09:46:42","slug":"fiskekajak-tidsbokning","status":"publish","type":"product","link":"https:\/\/sportat.se\/en\/product\/fiskekajak-tidsbokning\/","title":{"rendered":"Fiskekajak tidsbokning"},"content":{"rendered":"<p>V\u00e5ra fiskekajaker passar utm\u00e4rkt till att fiska med, men \u00e4ven till de som vill k\u00e4nna sig trygga i en v\u00e4ldigt rymlig och extremt stadig kajak.<\/p>","protected":false},"excerpt":{"rendered":"<p>Stadiga och kursstabila fiskekajaker med roder.<\/p>","protected":false},"featured_media":8299,"template":"","meta":[],"product_brand":[],"product_cat":[143],"product_tag":[],"class_list":{"0":"post-8357","1":"product","2":"type-product","3":"status-publish","4":"has-post-thumbnail","6":"product_cat-fiskekajak","8":"first","9":"instock","10":"sold-individually","11":"taxable","12":"shipping-taxable","13":"purchasable","14":"product-type-phive_booking"},"_links":{"self":[{"href":"https:\/\/sportat.se\/en\/wp-json\/wp\/v2\/product\/8357","targetHints":{"allow":["GET"]}}],"collection":[{"href":"https:\/\/sportat.se\/en\/wp-json\/wp\/v2\/product"}],"about":[{"href":"https:\/\/sportat.se\/en\/wp-json\/wp\/v2\/types\/product"}],"version-history":[{"count":2,"href":"https:\/\/sportat.se\/en\/wp-json\/wp\/v2\/product\/8357\/revisions"}],"predecessor-version":[{"id":8359,"href":"https:\/\/sportat.se\/en\/wp-json\/wp\/v2\/product\/8357\/revisions\/8359"}],"wp:featuredmedia":[{"embeddable":true,"href":"https:\/\/sportat.se\/en\/wp-json\/wp\/v2\/media\/8299"}],"wp:attachment":[{"href":"https:\/\/sportat.se\/en\/wp-json\/wp\/v2\/media?parent=8357"}],"wp:term":[{"taxonomy":"product_brand","embeddable":true,"href":"https:\/\/sportat.se\/en\/wp-json\/wp\/v2\/product_brand?post=8357"},{"taxonomy":"product_cat","embeddable":true,"href":"https:\/\/sportat.se\/en\/wp-json\/wp\/v2\/product_cat?post=8357"},{"taxonomy":"product_tag","embeddable":true,"href":"https:\/\/sportat.se\/en\/wp-json\/wp\/v2\/product_tag?post=8357"}],"curies":[{"name":"wp","href":"https:\/\/api.w.org\/{rel}","templated":true}]}}