{"id":8265,"date":"2025-05-23T21:37:59","date_gmt":"2025-05-23T19:37:59","guid":{"rendered":"https:\/\/sportat.se\/?post_type=product&#038;p=8265"},"modified":"2026-03-01T21:19:59","modified_gmt":"2026-03-01T20:19:59","slug":"sup-tidsbokning","status":"publish","type":"product","link":"https:\/\/sportat.se\/en\/product\/sup-tidsbokning\/","title":{"rendered":"SUP &#8211; tidsbokning"},"content":{"rendered":"","protected":false},"excerpt":{"rendered":"<p>Vi kan erbjuda fem olika modeller av uppl\u00e5sbara SUP-br\u00e4dor.\u00a0 De passar till en bred kundgrupp och familjer n\u00e4r det g\u00e4ller stabilitet och utmaning. Fr\u00e5n stora och stadiga SUP f\u00f6r vuxna till barn SUP och snabba Touring-br\u00e4dor f\u00f6r de mer erfarna.<\/p>","protected":false},"featured_media":8269,"template":"","meta":[],"product_brand":[],"product_cat":[142],"product_tag":[],"class_list":{"0":"post-8265","1":"product","2":"type-product","3":"status-publish","4":"has-post-thumbnail","6":"product_cat-sup_stand_up_board","8":"first","9":"instock","10":"sold-individually","11":"taxable","12":"shipping-taxable","13":"purchasable","14":"product-type-phive_booking"},"_links":{"self":[{"href":"https:\/\/sportat.se\/en\/wp-json\/wp\/v2\/product\/8265","targetHints":{"allow":["GET"]}}],"collection":[{"href":"https:\/\/sportat.se\/en\/wp-json\/wp\/v2\/product"}],"about":[{"href":"https:\/\/sportat.se\/en\/wp-json\/wp\/v2\/types\/product"}],"version-history":[{"count":6,"href":"https:\/\/sportat.se\/en\/wp-json\/wp\/v2\/product\/8265\/revisions"}],"predecessor-version":[{"id":8767,"href":"https:\/\/sportat.se\/en\/wp-json\/wp\/v2\/product\/8265\/revisions\/8767"}],"wp:featuredmedia":[{"embeddable":true,"href":"https:\/\/sportat.se\/en\/wp-json\/wp\/v2\/media\/8269"}],"wp:attachment":[{"href":"https:\/\/sportat.se\/en\/wp-json\/wp\/v2\/media?parent=8265"}],"wp:term":[{"taxonomy":"product_brand","embeddable":true,"href":"https:\/\/sportat.se\/en\/wp-json\/wp\/v2\/product_brand?post=8265"},{"taxonomy":"product_cat","embeddable":true,"href":"https:\/\/sportat.se\/en\/wp-json\/wp\/v2\/product_cat?post=8265"},{"taxonomy":"product_tag","embeddable":true,"href":"https:\/\/sportat.se\/en\/wp-json\/wp\/v2\/product_tag?post=8265"}],"curies":[{"name":"wp","href":"https:\/\/api.w.org\/{rel}","templated":true}]}}