{"id":8261,"date":"2025-05-23T21:26:17","date_gmt":"2025-05-23T19:26:17","guid":{"rendered":"https:\/\/sportat.se\/?post_type=product&#038;p=8261"},"modified":"2025-07-27T23:23:38","modified_gmt":"2025-07-27T21:23:38","slug":"kanadensare-tidsbokning","status":"publish","type":"product","link":"https:\/\/sportat.se\/en\/product\/kanadensare-tidsbokning\/","title":{"rendered":"Kanadensare tidsbokning"},"content":{"rendered":"<p>Vi kan erbjuda tre olika modeller av kanadensare.\u00a0 De passar till en bred kundgrupp n\u00e4r det g\u00e4ller stabilitet och utmaning. Fr\u00e5n stora stadiga kurstabila kanadensare till lite mer utmanande f\u00f6r den erfarna paddlaren.<\/p>","protected":false},"excerpt":{"rendered":"<p>Stadiga kurstabila kandensare f\u00f6r hela familjen.<\/p>","protected":false},"featured_media":3063,"template":"","meta":[],"product_brand":[],"product_cat":[141],"product_tag":[],"class_list":{"0":"post-8261","1":"product","2":"type-product","3":"status-publish","4":"has-post-thumbnail","6":"product_cat-kanadensare-bokning-uthyrning","8":"first","9":"instock","10":"sold-individually","11":"taxable","12":"shipping-taxable","13":"purchasable","14":"product-type-phive_booking"},"_links":{"self":[{"href":"https:\/\/sportat.se\/en\/wp-json\/wp\/v2\/product\/8261","targetHints":{"allow":["GET"]}}],"collection":[{"href":"https:\/\/sportat.se\/en\/wp-json\/wp\/v2\/product"}],"about":[{"href":"https:\/\/sportat.se\/en\/wp-json\/wp\/v2\/types\/product"}],"version-history":[{"count":4,"href":"https:\/\/sportat.se\/en\/wp-json\/wp\/v2\/product\/8261\/revisions"}],"predecessor-version":[{"id":8481,"href":"https:\/\/sportat.se\/en\/wp-json\/wp\/v2\/product\/8261\/revisions\/8481"}],"wp:featuredmedia":[{"embeddable":true,"href":"https:\/\/sportat.se\/en\/wp-json\/wp\/v2\/media\/3063"}],"wp:attachment":[{"href":"https:\/\/sportat.se\/en\/wp-json\/wp\/v2\/media?parent=8261"}],"wp:term":[{"taxonomy":"product_brand","embeddable":true,"href":"https:\/\/sportat.se\/en\/wp-json\/wp\/v2\/product_brand?post=8261"},{"taxonomy":"product_cat","embeddable":true,"href":"https:\/\/sportat.se\/en\/wp-json\/wp\/v2\/product_cat?post=8261"},{"taxonomy":"product_tag","embeddable":true,"href":"https:\/\/sportat.se\/en\/wp-json\/wp\/v2\/product_tag?post=8261"}],"curies":[{"name":"wp","href":"https:\/\/api.w.org\/{rel}","templated":true}]}}