{"id":8244,"date":"2025-05-19T17:10:29","date_gmt":"2025-05-19T15:10:29","guid":{"rendered":"https:\/\/sportat.se\/?post_type=product&#038;p=8244"},"modified":"2025-06-09T12:48:46","modified_gmt":"2025-06-09T10:48:46","slug":"dubbelkajak-dagsbokning","status":"publish","type":"product","link":"https:\/\/sportat.se\/en\/product\/dubbelkajak-dagsbokning\/","title":{"rendered":"Dubbelkajak dagsbokning"},"content":{"rendered":"<p>Vi kan erbjuda tre olika modeller av dubbelkajaker.\u00a0 De passar till en bred kundgrupp n\u00e4r det g\u00e4ller stabilitet och utmaning. Fr\u00e5n stora stadiga nyb\u00f6rjarkajaker till lite mer utmanande f\u00f6r den erfarna paddlaren.<\/p>","protected":false},"excerpt":{"rendered":"<p>Stadiga\u00a0 dubbelkajaker med antingen roder eller inbyggd sk\u00e4dda.<\/p>","protected":false},"featured_media":8295,"template":"","meta":[],"product_brand":[],"product_cat":[140],"product_tag":[],"class_list":{"0":"post-8244","1":"product","2":"type-product","3":"status-publish","4":"has-post-thumbnail","6":"product_cat-dubbelkajak","8":"first","9":"instock","10":"sold-individually","11":"taxable","12":"shipping-taxable","13":"purchasable","14":"product-type-phive_booking"},"_links":{"self":[{"href":"https:\/\/sportat.se\/en\/wp-json\/wp\/v2\/product\/8244","targetHints":{"allow":["GET"]}}],"collection":[{"href":"https:\/\/sportat.se\/en\/wp-json\/wp\/v2\/product"}],"about":[{"href":"https:\/\/sportat.se\/en\/wp-json\/wp\/v2\/types\/product"}],"version-history":[{"count":3,"href":"https:\/\/sportat.se\/en\/wp-json\/wp\/v2\/product\/8244\/revisions"}],"predecessor-version":[{"id":8351,"href":"https:\/\/sportat.se\/en\/wp-json\/wp\/v2\/product\/8244\/revisions\/8351"}],"wp:featuredmedia":[{"embeddable":true,"href":"https:\/\/sportat.se\/en\/wp-json\/wp\/v2\/media\/8295"}],"wp:attachment":[{"href":"https:\/\/sportat.se\/en\/wp-json\/wp\/v2\/media?parent=8244"}],"wp:term":[{"taxonomy":"product_brand","embeddable":true,"href":"https:\/\/sportat.se\/en\/wp-json\/wp\/v2\/product_brand?post=8244"},{"taxonomy":"product_cat","embeddable":true,"href":"https:\/\/sportat.se\/en\/wp-json\/wp\/v2\/product_cat?post=8244"},{"taxonomy":"product_tag","embeddable":true,"href":"https:\/\/sportat.se\/en\/wp-json\/wp\/v2\/product_tag?post=8244"}],"curies":[{"name":"wp","href":"https:\/\/api.w.org\/{rel}","templated":true}]}}