{"id":8238,"date":"2025-05-18T19:18:29","date_gmt":"2025-05-18T17:18:29","guid":{"rendered":"https:\/\/sportat.se\/?post_type=product&#038;p=8238"},"modified":"2025-06-09T12:48:02","modified_gmt":"2025-06-09T10:48:02","slug":"singelkajak-dagsbokning","status":"publish","type":"product","link":"https:\/\/sportat.se\/en\/product\/singelkajak-dagsbokning\/","title":{"rendered":"Singelkajak dagsbokning"},"content":{"rendered":"<p>Vi kan erbjuda fyra olika modeller av singelkajaker.\u00a0 De passar till en bred kundgrupp n\u00e4r det g\u00e4ller stabilitet och utmaning. Fr\u00e5n stora stadiga nyb\u00f6rjarkajaker till lite mer utmanande f\u00f6r den erfarna paddlaren.<\/p>","protected":false},"excerpt":{"rendered":"<p>Stadiga och kursstabila singelkajaker med inbyggd sk\u00e4dda fr\u00e5n italienska EXO och RAINBOW.<\/p>","protected":false},"featured_media":5125,"template":"","meta":[],"product_brand":[],"product_cat":[15],"product_tag":[],"class_list":{"0":"post-8238","1":"product","2":"type-product","3":"status-publish","4":"has-post-thumbnail","6":"product_cat-okategoriserad","8":"first","9":"instock","10":"sold-individually","11":"taxable","12":"shipping-taxable","13":"purchasable","14":"product-type-phive_booking"},"_links":{"self":[{"href":"https:\/\/sportat.se\/en\/wp-json\/wp\/v2\/product\/8238","targetHints":{"allow":["GET"]}}],"collection":[{"href":"https:\/\/sportat.se\/en\/wp-json\/wp\/v2\/product"}],"about":[{"href":"https:\/\/sportat.se\/en\/wp-json\/wp\/v2\/types\/product"}],"version-history":[{"count":5,"href":"https:\/\/sportat.se\/en\/wp-json\/wp\/v2\/product\/8238\/revisions"}],"predecessor-version":[{"id":8352,"href":"https:\/\/sportat.se\/en\/wp-json\/wp\/v2\/product\/8238\/revisions\/8352"}],"wp:featuredmedia":[{"embeddable":true,"href":"https:\/\/sportat.se\/en\/wp-json\/wp\/v2\/media\/5125"}],"wp:attachment":[{"href":"https:\/\/sportat.se\/en\/wp-json\/wp\/v2\/media?parent=8238"}],"wp:term":[{"taxonomy":"product_brand","embeddable":true,"href":"https:\/\/sportat.se\/en\/wp-json\/wp\/v2\/product_brand?post=8238"},{"taxonomy":"product_cat","embeddable":true,"href":"https:\/\/sportat.se\/en\/wp-json\/wp\/v2\/product_cat?post=8238"},{"taxonomy":"product_tag","embeddable":true,"href":"https:\/\/sportat.se\/en\/wp-json\/wp\/v2\/product_tag?post=8238"}],"curies":[{"name":"wp","href":"https:\/\/api.w.org\/{rel}","templated":true}]}}