{"id":5325,"date":"2021-04-08T19:08:47","date_gmt":"2021-04-08T19:08:47","guid":{"rendered":"https:\/\/sportat.se\/?post_type=product&#038;p=5325"},"modified":"2022-02-19T20:11:12","modified_gmt":"2022-02-19T20:11:12","slug":"t-rex","status":"publish","type":"product","link":"https:\/\/sportat.se\/en\/product\/t-rex\/","title":{"rendered":"T-Rex"},"content":{"rendered":"<p>L\u00c4NGD: 270 cm<br \/>\nBREDD: 66,5 cm<br \/>\nVOLYM: 345 liter<br \/>\nSITTBRUN: 90 X 50 cm<br \/>\nVIKT 21 kg<br \/>\nVIKT P\u00c5 PADDLAREN: 70-100 kg<\/p>","protected":false},"excerpt":{"rendered":"<p>Den unika runda formen g\u00f6r T-Rex L till den perfekta kajaken f\u00f6r paddlare som letar efter en stabil\u00a0 och l\u00e4ttstyrd b\u00e5t. Trots den stora storleken p\u00e5 T-Rex L, tack vare den anpassade volymf\u00f6rdelningen, har du intrycket av att sitta i en mindre b\u00e5t, men nyttan med volymen kommer att k\u00e4nnas s\u00e5 fort du beh\u00f6ver den!<br \/>\nLiksom de andra modellerna har T-Rex L en l\u00e4tt inst\u00e4llbar inst\u00e4llning. Exo \u00e4r p\u00e5 st\u00e4ndig s\u00f6kning efter ett robust, solidt men snabbt inst\u00e4llningssystem f\u00f6r att ge den b\u00e4sta b\u00e5ten f\u00f6r b\u00e5de experter och skolor.<\/p>\n<p>Liksom andra \u201cX\u201d (Six, Serious &#8211; Xt, Xg, Xm, XP3 och XW1) -projekt har T-Rex L utvecklats genom data design som inkluderat en m\u00e4ngd tester av modellen b\u00e5de i datorn och i olika vattenmilj\u00f6er.<\/p>","protected":false},"featured_media":5343,"template":"","meta":[],"product_brand":[],"product_cat":[92],"product_tag":[],"class_list":{"0":"post-5325","1":"product","2":"type-product","3":"status-publish","4":"has-post-thumbnail","6":"product_cat-fors","8":"first","9":"instock","10":"taxable","11":"shipping-taxable","12":"purchasable","13":"product-type-variable"},"_links":{"self":[{"href":"https:\/\/sportat.se\/en\/wp-json\/wp\/v2\/product\/5325","targetHints":{"allow":["GET"]}}],"collection":[{"href":"https:\/\/sportat.se\/en\/wp-json\/wp\/v2\/product"}],"about":[{"href":"https:\/\/sportat.se\/en\/wp-json\/wp\/v2\/types\/product"}],"version-history":[{"count":0,"href":"https:\/\/sportat.se\/en\/wp-json\/wp\/v2\/product\/5325\/revisions"}],"wp:featuredmedia":[{"embeddable":true,"href":"https:\/\/sportat.se\/en\/wp-json\/wp\/v2\/media\/5343"}],"wp:attachment":[{"href":"https:\/\/sportat.se\/en\/wp-json\/wp\/v2\/media?parent=5325"}],"wp:term":[{"taxonomy":"product_brand","embeddable":true,"href":"https:\/\/sportat.se\/en\/wp-json\/wp\/v2\/product_brand?post=5325"},{"taxonomy":"product_cat","embeddable":true,"href":"https:\/\/sportat.se\/en\/wp-json\/wp\/v2\/product_cat?post=5325"},{"taxonomy":"product_tag","embeddable":true,"href":"https:\/\/sportat.se\/en\/wp-json\/wp\/v2\/product_tag?post=5325"}],"curies":[{"name":"wp","href":"https:\/\/api.w.org\/{rel}","templated":true}]}}