{"id":5191,"date":"2021-03-21T11:27:00","date_gmt":"2021-03-21T11:27:00","guid":{"rendered":"https:\/\/sportat.se\/?post_type=product&#038;p=5191"},"modified":"2024-11-04T00:46:10","modified_gmt":"2024-11-04T00:46:10","slug":"kapell-fors-aramid","status":"publish","type":"product","link":"https:\/\/sportat.se\/en\/product\/kapell-fors-aramid\/","title":{"rendered":"Kapell Fors Aramid"},"content":{"rendered":"<p>Midjestorlekar:<br \/>\nXS &#8211; 58 cm<br \/>\nS &#8211; 72 cm<br \/>\nM &#8211; 78 cm<br \/>\nL &#8211; 84 cm<br \/>\nXL &#8211; 90 cm<br \/>\nXXL &#8211; 96 cm<\/p>","protected":false},"excerpt":{"rendered":"<p>Kapell Fors Aramid\u00a0 \u00e4r anpassat till sittbrunnen p\u00e5\u00a0 forskajaker 89 X 49cm.<br \/>\nDen h\u00e4r modellen har en enkel t\u00e4tning runt midjan. Tillverkad i 3 mm neopren, f\u00f6rst\u00e4rkt med aramid f\u00f6r b\u00e4ttre h\u00e5llbarhet.<\/p>\n<p>&nbsp;<\/p>","protected":false},"featured_media":5197,"template":"","meta":[],"product_brand":[],"product_cat":[66,41],"product_tag":[],"class_list":{"0":"post-5191","1":"product","2":"type-product","3":"status-publish","4":"has-post-thumbnail","6":"product_cat-kapell","7":"product_cat-utrustning","9":"first","10":"instock","11":"taxable","12":"shipping-taxable","13":"purchasable","14":"product-type-variable"},"_links":{"self":[{"href":"https:\/\/sportat.se\/en\/wp-json\/wp\/v2\/product\/5191","targetHints":{"allow":["GET"]}}],"collection":[{"href":"https:\/\/sportat.se\/en\/wp-json\/wp\/v2\/product"}],"about":[{"href":"https:\/\/sportat.se\/en\/wp-json\/wp\/v2\/types\/product"}],"version-history":[{"count":1,"href":"https:\/\/sportat.se\/en\/wp-json\/wp\/v2\/product\/5191\/revisions"}],"predecessor-version":[{"id":5206,"href":"https:\/\/sportat.se\/en\/wp-json\/wp\/v2\/product\/5191\/revisions\/5206"}],"wp:featuredmedia":[{"embeddable":true,"href":"https:\/\/sportat.se\/en\/wp-json\/wp\/v2\/media\/5197"}],"wp:attachment":[{"href":"https:\/\/sportat.se\/en\/wp-json\/wp\/v2\/media?parent=5191"}],"wp:term":[{"taxonomy":"product_brand","embeddable":true,"href":"https:\/\/sportat.se\/en\/wp-json\/wp\/v2\/product_brand?post=5191"},{"taxonomy":"product_cat","embeddable":true,"href":"https:\/\/sportat.se\/en\/wp-json\/wp\/v2\/product_cat?post=5191"},{"taxonomy":"product_tag","embeddable":true,"href":"https:\/\/sportat.se\/en\/wp-json\/wp\/v2\/product_tag?post=5191"}],"curies":[{"name":"wp","href":"https:\/\/api.w.org\/{rel}","templated":true}]}}