{"id":5116,"date":"2021-03-18T18:42:06","date_gmt":"2021-03-18T18:42:06","guid":{"rendered":"https:\/\/sportat.se\/?post_type=product&#038;p=5116"},"modified":"2025-08-02T19:13:21","modified_gmt":"2025-08-02T17:13:21","slug":"navigator-2","status":"publish","type":"product","link":"https:\/\/sportat.se\/en\/product\/navigator-2\/","title":{"rendered":"NAVIGATOR 2"},"content":{"rendered":"<p><strong>NAVIGATOR 2<\/strong><br \/>\n<strong>Beskrivning<br \/>\n<\/strong>L\u00e4ngd: 460 cm<br \/>\nBredd: 60 cm<br \/>\nVikt: 21 kg<br \/>\nSitbrunn: 85&#215;48 cm<br \/>\nPaddlarens vikt: 50-90 kg<\/p>","protected":false},"excerpt":{"rendered":"<p>Navigator 2 \u00e4r en kajak i mellanklassen f\u00f6r den som vill ha en snabb kajak som fortfarande k\u00e4ns stadig \u00e4ven i sv\u00e5rare f\u00f6rh\u00e5landen p\u00e5 havet.<br \/>\nKajaken \u00e4r utrustad med tv\u00e5 stora (24cm) runda\u00a0 lastluckor och tv\u00e5 upps\u00e4ttning av elastiska band p\u00e5 d\u00e4ck.<br \/>\nNavigator 2 har rakt\u00a0 platt skrov som g\u00f6r kajaken kursstabil och stadig.<\/p>\n<p>Kajakens l\u00e5ga vikt m\u00f6jligg\u00f6r att den l\u00e4tt kan lastas p\u00e5 biltaket.<\/p>","protected":false},"featured_media":5126,"template":"","meta":[],"product_brand":[],"product_cat":[53,39],"product_tag":[],"class_list":{"0":"post-5116","1":"product","2":"type-product","3":"status-publish","4":"has-post-thumbnail","6":"product_cat-havskajaker","7":"product_cat-kajaker","9":"first","10":"instock","11":"taxable","12":"shipping-taxable","13":"purchasable","14":"product-type-variable"},"_links":{"self":[{"href":"https:\/\/sportat.se\/en\/wp-json\/wp\/v2\/product\/5116","targetHints":{"allow":["GET"]}}],"collection":[{"href":"https:\/\/sportat.se\/en\/wp-json\/wp\/v2\/product"}],"about":[{"href":"https:\/\/sportat.se\/en\/wp-json\/wp\/v2\/types\/product"}],"version-history":[{"count":2,"href":"https:\/\/sportat.se\/en\/wp-json\/wp\/v2\/product\/5116\/revisions"}],"predecessor-version":[{"id":8579,"href":"https:\/\/sportat.se\/en\/wp-json\/wp\/v2\/product\/5116\/revisions\/8579"}],"wp:featuredmedia":[{"embeddable":true,"href":"https:\/\/sportat.se\/en\/wp-json\/wp\/v2\/media\/5126"}],"wp:attachment":[{"href":"https:\/\/sportat.se\/en\/wp-json\/wp\/v2\/media?parent=5116"}],"wp:term":[{"taxonomy":"product_brand","embeddable":true,"href":"https:\/\/sportat.se\/en\/wp-json\/wp\/v2\/product_brand?post=5116"},{"taxonomy":"product_cat","embeddable":true,"href":"https:\/\/sportat.se\/en\/wp-json\/wp\/v2\/product_cat?post=5116"},{"taxonomy":"product_tag","embeddable":true,"href":"https:\/\/sportat.se\/en\/wp-json\/wp\/v2\/product_tag?post=5116"}],"curies":[{"name":"wp","href":"https:\/\/api.w.org\/{rel}","templated":true}]}}