{"id":5104,"date":"2021-03-14T21:16:31","date_gmt":"2021-03-14T21:16:31","guid":{"rendered":"https:\/\/sportat.se\/?post_type=product&#038;p=5104"},"modified":"2025-08-02T19:14:54","modified_gmt":"2025-08-02T17:14:54","slug":"artic-1","status":"publish","type":"product","link":"https:\/\/sportat.se\/en\/product\/artic-1\/","title":{"rendered":"ARTIC 1"},"content":{"rendered":"<p><strong>ARTIC 1<\/strong><br \/>\n<strong>Beskrivning<br \/>\n<\/strong>L\u00e4ngd: 444 cm<br \/>\nBredd: 65 cm<br \/>\nVikt: 21 kg<br \/>\nSitbrunn: 85&#215;48 cm<br \/>\nPaddlarens vikt: 50-100 kg<\/p>","protected":false},"excerpt":{"rendered":"<p>Artic 1 garanterar enkel hantering \u00e4ven i sv\u00e5rare f\u00f6rh\u00e5llanden. Den \u00e4r extremt stadig och ger en bra komfort \u00e4ven f\u00f6r st\u00f6rre paddlare.<br \/>\nArtic 1 \u00e4r utrustad med tv\u00e5 vattent\u00e4ta lastluckor och en upps\u00e4ttning av elastiska band p\u00e5 d\u00e4ck.<br \/>\nKajaken har inbyggd sk\u00e4dda och rakt skrov som g\u00f6r den v\u00e4ldigt kursstabil.<\/p>\n<p>Kajakens l\u00e5ga vikt m\u00f6jligg\u00f6r att den l\u00e4tt kan lastas p\u00e5 biltaket.<\/p>","protected":false},"featured_media":5110,"template":"","meta":[],"product_brand":[],"product_cat":[53,39],"product_tag":[],"class_list":{"0":"post-5104","1":"product","2":"type-product","3":"status-publish","4":"has-post-thumbnail","6":"product_cat-havskajaker","7":"product_cat-kajaker","9":"first","10":"instock","11":"taxable","12":"shipping-taxable","13":"purchasable","14":"product-type-variable"},"_links":{"self":[{"href":"https:\/\/sportat.se\/en\/wp-json\/wp\/v2\/product\/5104","targetHints":{"allow":["GET"]}}],"collection":[{"href":"https:\/\/sportat.se\/en\/wp-json\/wp\/v2\/product"}],"about":[{"href":"https:\/\/sportat.se\/en\/wp-json\/wp\/v2\/types\/product"}],"version-history":[{"count":1,"href":"https:\/\/sportat.se\/en\/wp-json\/wp\/v2\/product\/5104\/revisions"}],"predecessor-version":[{"id":5114,"href":"https:\/\/sportat.se\/en\/wp-json\/wp\/v2\/product\/5104\/revisions\/5114"}],"wp:featuredmedia":[{"embeddable":true,"href":"https:\/\/sportat.se\/en\/wp-json\/wp\/v2\/media\/5110"}],"wp:attachment":[{"href":"https:\/\/sportat.se\/en\/wp-json\/wp\/v2\/media?parent=5104"}],"wp:term":[{"taxonomy":"product_brand","embeddable":true,"href":"https:\/\/sportat.se\/en\/wp-json\/wp\/v2\/product_brand?post=5104"},{"taxonomy":"product_cat","embeddable":true,"href":"https:\/\/sportat.se\/en\/wp-json\/wp\/v2\/product_cat?post=5104"},{"taxonomy":"product_tag","embeddable":true,"href":"https:\/\/sportat.se\/en\/wp-json\/wp\/v2\/product_tag?post=5104"}],"curies":[{"name":"wp","href":"https:\/\/api.w.org\/{rel}","templated":true}]}}