{"id":5081,"date":"2021-03-14T17:56:36","date_gmt":"2021-03-14T17:56:36","guid":{"rendered":"https:\/\/sportat.se\/?post_type=product&#038;p=5081"},"modified":"2022-06-15T19:43:38","modified_gmt":"2022-06-15T19:43:38","slug":"xp3","status":"publish","type":"product","link":"https:\/\/sportat.se\/en\/product\/xp3\/","title":{"rendered":"XP3"},"content":{"rendered":"<div class=\"col-xs-12 col-sm-4\">\n<div class=\"cms-block\">\n<p><strong>Beskrivning XP3<\/strong><br \/>\nL\u00e4ngd: 300 cm<br \/>\nBredd: 58 cm<br \/>\nSittbrunn utv\u00e4ndigt: 79&#215;50 cm<br \/>\nSittbrunn inv\u00e4ndigt: 72&#215;43 cm<br \/>\nVikt:12 kg<br \/>\nPaddlarvikt: 50-90 kg<\/p>\n<p>&nbsp;<\/p>\n<p>&nbsp;<\/p>\n<\/div>\n<\/div>","protected":false},"excerpt":{"rendered":"<p>XP3 representerar en ny generation av polokajaker i plast som har skapats f\u00f6r att utmana kompositkajaker med sin l\u00e4tta vikt och styvhet.<br \/>\nKajaken erbjuder m\u00f6jlighet till ett dynamiskt och modernt spel, utm\u00e4rkt i defensiva man\u00f6vrer och snabb vid spelv\u00e4ndningar.<br \/>\nUtrustad med integrerad skydd och en bekv\u00e4m och ergonomisk inredning.<br \/>\nFotst\u00f6d ing\u00e5r som standard.<\/p>\n<p>&nbsp;<\/p>","protected":false},"featured_media":5103,"template":"","meta":[],"product_brand":[],"product_cat":[103,54],"product_tag":[],"class_list":{"0":"post-5081","1":"product","2":"type-product","3":"status-publish","4":"has-post-thumbnail","6":"product_cat-klubb","7":"product_cat-polokajaker","9":"first","10":"instock","11":"taxable","12":"shipping-taxable","13":"purchasable","14":"product-type-variable"},"_links":{"self":[{"href":"https:\/\/sportat.se\/en\/wp-json\/wp\/v2\/product\/5081","targetHints":{"allow":["GET"]}}],"collection":[{"href":"https:\/\/sportat.se\/en\/wp-json\/wp\/v2\/product"}],"about":[{"href":"https:\/\/sportat.se\/en\/wp-json\/wp\/v2\/types\/product"}],"version-history":[{"count":1,"href":"https:\/\/sportat.se\/en\/wp-json\/wp\/v2\/product\/5081\/revisions"}],"predecessor-version":[{"id":5084,"href":"https:\/\/sportat.se\/en\/wp-json\/wp\/v2\/product\/5081\/revisions\/5084"}],"wp:featuredmedia":[{"embeddable":true,"href":"https:\/\/sportat.se\/en\/wp-json\/wp\/v2\/media\/5103"}],"wp:attachment":[{"href":"https:\/\/sportat.se\/en\/wp-json\/wp\/v2\/media?parent=5081"}],"wp:term":[{"taxonomy":"product_brand","embeddable":true,"href":"https:\/\/sportat.se\/en\/wp-json\/wp\/v2\/product_brand?post=5081"},{"taxonomy":"product_cat","embeddable":true,"href":"https:\/\/sportat.se\/en\/wp-json\/wp\/v2\/product_cat?post=5081"},{"taxonomy":"product_tag","embeddable":true,"href":"https:\/\/sportat.se\/en\/wp-json\/wp\/v2\/product_tag?post=5081"}],"curies":[{"name":"wp","href":"https:\/\/api.w.org\/{rel}","templated":true}]}}