{"id":3985,"date":"2021-01-24T14:43:28","date_gmt":"2021-01-24T14:43:28","guid":{"rendered":"https:\/\/sportat.se\/?post_type=product&#038;p=3985"},"modified":"2021-03-18T19:39:07","modified_gmt":"2021-03-18T19:39:07","slug":"xm-515","status":"publish","type":"product","link":"https:\/\/sportat.se\/en\/product\/xm-515\/","title":{"rendered":"XM 515"},"content":{"rendered":"<p><strong>Beskrivning<br \/>\n<\/strong>L\u00e4ngd: 515cm<br \/>\nBredd: 57cm<br \/>\nVikt: 26kg<\/p>\n<p>Utrustning: justerbart s\u00e4te, justerbara fotst\u00f6d, integrerade ben\u00f6glor, tv\u00e5 ovala vattent\u00e4ta luckor (43 \u00d7 25 cm), en rund vattent\u00e4tt lucka (19 cm), tv\u00e5 handtag, tv\u00e5 f\u00e4sten f\u00f6r fastkoppling, d\u00e4cklinor och elastiska band, f\u00f6rberred f\u00f6r kompass, plats f\u00f6r navigationsljus bak.<\/p>","protected":false},"excerpt":{"rendered":"<p>XM 515 \u00e4r havskajak designad med digitalt program f\u00f6r att uppn\u00e5\u00a0 den maximala prestanda som finns tillg\u00e4nglig p\u00e5 marknaden f\u00f6r en polyetenkajak avsedd f\u00f6r l\u00e5nga distanser<strong>.<br \/>\n<\/strong><\/p>\n<p>Den nya XM 515 \u00e4r utrustad med tre vattent\u00e4ta skott, med justerbart s\u00e4te och ryggst\u00f6d, integrerade ben\u00f6glor, f\u00f6rberedd f\u00f6r kompass. Kajaken \u00e4r l\u00e4mplig f\u00f6r en kr\u00e4vande anv\u00e4ndare som letar efter en kajak med\u00a0 mycket h\u00f6g prestanda inom havspaddling och som kan anv\u00e4ndas b\u00e5de f\u00f6r l\u00e5nga turer\u00a0 och p\u00e5 mindre kr\u00e4vande str\u00e4ckor.<\/p>\n<p><strong>\u00a0<\/strong><\/p>","protected":false},"featured_media":3989,"template":"","meta":[],"product_brand":[],"product_cat":[53,39],"product_tag":[],"class_list":{"0":"post-3985","1":"product","2":"type-product","3":"status-publish","4":"has-post-thumbnail","6":"product_cat-havskajaker","7":"product_cat-kajaker","9":"first","10":"instock","11":"taxable","12":"shipping-taxable","13":"purchasable","14":"product-type-variable"},"_links":{"self":[{"href":"https:\/\/sportat.se\/en\/wp-json\/wp\/v2\/product\/3985","targetHints":{"allow":["GET"]}}],"collection":[{"href":"https:\/\/sportat.se\/en\/wp-json\/wp\/v2\/product"}],"about":[{"href":"https:\/\/sportat.se\/en\/wp-json\/wp\/v2\/types\/product"}],"version-history":[{"count":2,"href":"https:\/\/sportat.se\/en\/wp-json\/wp\/v2\/product\/3985\/revisions"}],"predecessor-version":[{"id":5115,"href":"https:\/\/sportat.se\/en\/wp-json\/wp\/v2\/product\/3985\/revisions\/5115"}],"wp:featuredmedia":[{"embeddable":true,"href":"https:\/\/sportat.se\/en\/wp-json\/wp\/v2\/media\/3989"}],"wp:attachment":[{"href":"https:\/\/sportat.se\/en\/wp-json\/wp\/v2\/media?parent=3985"}],"wp:term":[{"taxonomy":"product_brand","embeddable":true,"href":"https:\/\/sportat.se\/en\/wp-json\/wp\/v2\/product_brand?post=3985"},{"taxonomy":"product_cat","embeddable":true,"href":"https:\/\/sportat.se\/en\/wp-json\/wp\/v2\/product_cat?post=3985"},{"taxonomy":"product_tag","embeddable":true,"href":"https:\/\/sportat.se\/en\/wp-json\/wp\/v2\/product_tag?post=3985"}],"curies":[{"name":"wp","href":"https:\/\/api.w.org\/{rel}","templated":true}]}}