{"id":3976,"date":"2021-01-22T21:24:20","date_gmt":"2021-01-22T21:24:20","guid":{"rendered":"https:\/\/sportat.se\/?post_type=product&#038;p=3976"},"modified":"2022-01-15T19:44:44","modified_gmt":"2022-01-15T19:44:44","slug":"kanadensare-augh-460","status":"publish","type":"product","link":"https:\/\/sportat.se\/en\/product\/kanadensare-augh-460\/","title":{"rendered":"Kanadensare AUGH 460"},"content":{"rendered":"<p>L\u00e4ngd: 460cm<br \/>\nBredd: 93cm<br \/>\nVikt: 35kg<\/p>","protected":false},"excerpt":{"rendered":"<p>Kanadensare AUGH har en klassisk skrovform och utseende. Passar bra f\u00f6r familjeutflykter d\u00e4r upp till fyra personer kan f\u00e5 plats i kanoten.<br \/>\nTillverkad i 3-lagers polyeten f\u00f6r bra h\u00e5llbarhet, l\u00e4ttare vikt och mer flytkraft i materialet.<\/p>\n<p>L\u00e4ngd: 460cm<br \/>\nBredd: 93cm<br \/>\nVikt: 35kg<\/p>","protected":false},"featured_media":3977,"template":"","meta":[],"product_brand":[],"product_cat":[105],"product_tag":[117,118],"class_list":{"0":"post-3976","1":"product","2":"type-product","3":"status-publish","4":"has-post-thumbnail","6":"product_cat-kanadensare","7":"product_tag-kanadensare","8":"product_tag-kopa","9":"product_shipping_class-kanadensare","11":"first","12":"instock","13":"taxable","14":"shipping-taxable","15":"purchasable","16":"product-type-variable"},"_links":{"self":[{"href":"https:\/\/sportat.se\/en\/wp-json\/wp\/v2\/product\/3976","targetHints":{"allow":["GET"]}}],"collection":[{"href":"https:\/\/sportat.se\/en\/wp-json\/wp\/v2\/product"}],"about":[{"href":"https:\/\/sportat.se\/en\/wp-json\/wp\/v2\/types\/product"}],"version-history":[{"count":3,"href":"https:\/\/sportat.se\/en\/wp-json\/wp\/v2\/product\/3976\/revisions"}],"predecessor-version":[{"id":5489,"href":"https:\/\/sportat.se\/en\/wp-json\/wp\/v2\/product\/3976\/revisions\/5489"}],"wp:featuredmedia":[{"embeddable":true,"href":"https:\/\/sportat.se\/en\/wp-json\/wp\/v2\/media\/3977"}],"wp:attachment":[{"href":"https:\/\/sportat.se\/en\/wp-json\/wp\/v2\/media?parent=3976"}],"wp:term":[{"taxonomy":"product_brand","embeddable":true,"href":"https:\/\/sportat.se\/en\/wp-json\/wp\/v2\/product_brand?post=3976"},{"taxonomy":"product_cat","embeddable":true,"href":"https:\/\/sportat.se\/en\/wp-json\/wp\/v2\/product_cat?post=3976"},{"taxonomy":"product_tag","embeddable":true,"href":"https:\/\/sportat.se\/en\/wp-json\/wp\/v2\/product_tag?post=3976"}],"curies":[{"name":"wp","href":"https:\/\/api.w.org\/{rel}","templated":true}]}}