{"id":3962,"date":"2021-01-22T20:50:23","date_gmt":"2021-01-22T20:50:23","guid":{"rendered":"https:\/\/sportat.se\/?post_type=product&#038;p=3962"},"modified":"2024-08-22T20:18:31","modified_gmt":"2024-08-22T20:18:31","slug":"xm-topp-515","status":"publish","type":"product","link":"https:\/\/sportat.se\/en\/product\/xm-topp-515\/","title":{"rendered":"XM-Topp 515"},"content":{"rendered":"<p>XM-Topp 515 \u00e4r en snygg Surfski fr\u00e5n EXO vars skrov \u00e4r utformad med hj\u00e4lp av dataprogram f\u00f6r optimal glid i vattnet. L\u00e5rremmar m\u00f6jligg\u00f6r att rolla surfskin som en kajak.<\/p>","protected":false},"excerpt":{"rendered":"<p><strong>XM-TOPP 515<\/strong><\/p>\n<p><strong>Beskrivning<br \/>\n<\/strong>L\u00e4ngd: 515cm<br \/>\nBredd: 57cm<br \/>\nVikt: 23kg<\/p>","protected":false},"featured_media":3396,"template":"","meta":[],"product_brand":[],"product_cat":[53,39,101],"product_tag":[],"class_list":{"0":"post-3962","1":"product","2":"type-product","3":"status-publish","4":"has-post-thumbnail","6":"product_cat-havskajaker","7":"product_cat-kajaker","8":"product_cat-surfski","10":"first","11":"instock","12":"taxable","13":"shipping-taxable","14":"purchasable","15":"product-type-variable"},"_links":{"self":[{"href":"https:\/\/sportat.se\/en\/wp-json\/wp\/v2\/product\/3962","targetHints":{"allow":["GET"]}}],"collection":[{"href":"https:\/\/sportat.se\/en\/wp-json\/wp\/v2\/product"}],"about":[{"href":"https:\/\/sportat.se\/en\/wp-json\/wp\/v2\/types\/product"}],"version-history":[{"count":1,"href":"https:\/\/sportat.se\/en\/wp-json\/wp\/v2\/product\/3962\/revisions"}],"predecessor-version":[{"id":3969,"href":"https:\/\/sportat.se\/en\/wp-json\/wp\/v2\/product\/3962\/revisions\/3969"}],"wp:featuredmedia":[{"embeddable":true,"href":"https:\/\/sportat.se\/en\/wp-json\/wp\/v2\/media\/3396"}],"wp:attachment":[{"href":"https:\/\/sportat.se\/en\/wp-json\/wp\/v2\/media?parent=3962"}],"wp:term":[{"taxonomy":"product_brand","embeddable":true,"href":"https:\/\/sportat.se\/en\/wp-json\/wp\/v2\/product_brand?post=3962"},{"taxonomy":"product_cat","embeddable":true,"href":"https:\/\/sportat.se\/en\/wp-json\/wp\/v2\/product_cat?post=3962"},{"taxonomy":"product_tag","embeddable":true,"href":"https:\/\/sportat.se\/en\/wp-json\/wp\/v2\/product_tag?post=3962"}],"curies":[{"name":"wp","href":"https:\/\/api.w.org\/{rel}","templated":true}]}}