{"id":2443,"date":"2020-11-30T20:34:09","date_gmt":"2020-11-30T20:34:09","guid":{"rendered":"https:\/\/sportat.se\/?post_type=product&#038;p=2443"},"modified":"2021-04-08T19:34:57","modified_gmt":"2021-04-08T19:34:57","slug":"exo-rexy","status":"publish","type":"product","link":"https:\/\/sportat.se\/en\/product\/exo-rexy\/","title":{"rendered":"Exo Rexy"},"content":{"rendered":"<p>L\u00c4NGD: 264 cm<br \/>\nBREDD: 65 cm<br \/>\nVOLYM: 260 liter<br \/>\nSITTBRUN: 87 X 49 cm<br \/>\nVIKT 18 kg<br \/>\nVIKT P\u00c5 PADDLAREN: 65-100 kg<\/p>","protected":false},"excerpt":{"rendered":"<p>REXY \u00e4r en vidareutveckling av TREX serie d\u00e4r en tunnare akter g\u00f6r kajaken betydligt mer lekfull.\u00a0 Nya REXY som \u00e4r snabb och smidig kommer att\u00a0 tillfredsst\u00e4lla alla paddlare som tycker om lek i forsen, l\u00e4mplig f\u00f6r medelstora forsar. (klass 3-4)<\/p>","protected":false},"featured_media":3182,"template":"","meta":[],"product_brand":[],"product_cat":[92],"product_tag":[],"class_list":{"0":"post-2443","1":"product","2":"type-product","3":"status-publish","4":"has-post-thumbnail","6":"product_cat-fors","8":"first","9":"instock","10":"taxable","11":"shipping-taxable","12":"purchasable","13":"product-type-variable"},"_links":{"self":[{"href":"https:\/\/sportat.se\/en\/wp-json\/wp\/v2\/product\/2443","targetHints":{"allow":["GET"]}}],"collection":[{"href":"https:\/\/sportat.se\/en\/wp-json\/wp\/v2\/product"}],"about":[{"href":"https:\/\/sportat.se\/en\/wp-json\/wp\/v2\/types\/product"}],"version-history":[{"count":6,"href":"https:\/\/sportat.se\/en\/wp-json\/wp\/v2\/product\/2443\/revisions"}],"predecessor-version":[{"id":3179,"href":"https:\/\/sportat.se\/en\/wp-json\/wp\/v2\/product\/2443\/revisions\/3179"}],"wp:featuredmedia":[{"embeddable":true,"href":"https:\/\/sportat.se\/en\/wp-json\/wp\/v2\/media\/3182"}],"wp:attachment":[{"href":"https:\/\/sportat.se\/en\/wp-json\/wp\/v2\/media?parent=2443"}],"wp:term":[{"taxonomy":"product_brand","embeddable":true,"href":"https:\/\/sportat.se\/en\/wp-json\/wp\/v2\/product_brand?post=2443"},{"taxonomy":"product_cat","embeddable":true,"href":"https:\/\/sportat.se\/en\/wp-json\/wp\/v2\/product_cat?post=2443"},{"taxonomy":"product_tag","embeddable":true,"href":"https:\/\/sportat.se\/en\/wp-json\/wp\/v2\/product_tag?post=2443"}],"curies":[{"name":"wp","href":"https:\/\/api.w.org\/{rel}","templated":true}]}}