{"id":2423,"date":"2020-11-30T12:38:35","date_gmt":"2020-11-30T12:38:35","guid":{"rendered":"https:\/\/sportat.se\/?post_type=product&#038;p=2423"},"modified":"2024-07-17T11:11:37","modified_gmt":"2024-07-17T11:11:37","slug":"paddel-rodeo-trick-maxi-c-a","status":"publish","type":"product","link":"https:\/\/sportat.se\/en\/product\/paddel-rodeo-trick-maxi-c-a\/","title":{"rendered":"Paddel Rodeo TRICK Maxi C\/A"},"content":{"rendered":"<div>Bladstorlek:<\/div>\n<div>Bredd (cm): 20,2<\/div>\n<div class=\"field field-name-field-product-length field-type-text field-label-inline clearfix\">\n<div class=\"field-label\">L\u00e4ngd (cm): 46<\/div>\n<\/div>\n<div class=\"field field-name-field-product-area field-type-text field-label-above\">\n<div class=\"field-label\">Yta (cm2): 660<\/div>\n<div>Material: Kolfiber\/Aramid<\/div>\n<\/div>\n<div class=\"field field-name-field-product-material field-type-text field-label-inline clearfix\">\n<div class=\"field-label\"><\/div>\n<\/div>","protected":false},"excerpt":{"rendered":"<p>Excentriska och asymmetriska JRS-blad tillverkade i\u00a0 kolfiber\/ aramid utan aluminiumkant.\u00a0 Paddeln \u00e4r speciellt utformad f\u00f6r Freestyle och extrem WW. Bladkanten \u00e4r f\u00f6rst\u00e4rkt med kolfiber f\u00f6r att\u00a0 minska slitaget.<\/p>\n<p>&nbsp;<\/p>","protected":false},"featured_media":2425,"template":"","meta":[],"product_brand":[],"product_cat":[60,63,40],"product_tag":[],"class_list":{"0":"post-2423","1":"product","2":"type-product","3":"status-publish","4":"has-post-thumbnail","6":"product_cat-freestylepaddlar","7":"product_cat-motionspaddlar","8":"product_cat-paddlar","10":"first","11":"instock","12":"taxable","13":"shipping-taxable","14":"purchasable","15":"product-type-variable"},"_links":{"self":[{"href":"https:\/\/sportat.se\/en\/wp-json\/wp\/v2\/product\/2423","targetHints":{"allow":["GET"]}}],"collection":[{"href":"https:\/\/sportat.se\/en\/wp-json\/wp\/v2\/product"}],"about":[{"href":"https:\/\/sportat.se\/en\/wp-json\/wp\/v2\/types\/product"}],"version-history":[{"count":1,"href":"https:\/\/sportat.se\/en\/wp-json\/wp\/v2\/product\/2423\/revisions"}],"predecessor-version":[{"id":2430,"href":"https:\/\/sportat.se\/en\/wp-json\/wp\/v2\/product\/2423\/revisions\/2430"}],"wp:featuredmedia":[{"embeddable":true,"href":"https:\/\/sportat.se\/en\/wp-json\/wp\/v2\/media\/2425"}],"wp:attachment":[{"href":"https:\/\/sportat.se\/en\/wp-json\/wp\/v2\/media?parent=2423"}],"wp:term":[{"taxonomy":"product_brand","embeddable":true,"href":"https:\/\/sportat.se\/en\/wp-json\/wp\/v2\/product_brand?post=2423"},{"taxonomy":"product_cat","embeddable":true,"href":"https:\/\/sportat.se\/en\/wp-json\/wp\/v2\/product_cat?post=2423"},{"taxonomy":"product_tag","embeddable":true,"href":"https:\/\/sportat.se\/en\/wp-json\/wp\/v2\/product_tag?post=2423"}],"curies":[{"name":"wp","href":"https:\/\/api.w.org\/{rel}","templated":true}]}}