{"id":2403,"date":"2020-11-14T10:48:06","date_gmt":"2020-11-14T10:48:06","guid":{"rendered":"https:\/\/sportat.se\/?post_type=product&#038;p=2403"},"modified":"2020-12-11T19:43:50","modified_gmt":"2020-12-11T19:43:50","slug":"k1-vadderad-batvaska","status":"publish","type":"product","link":"https:\/\/sportat.se\/en\/product\/k1-vadderad-batvaska\/","title":{"rendered":"K1 vadderad b\u00e5tv\u00e4ska"},"content":{"rendered":"","protected":false},"excerpt":{"rendered":"<p>Vadderad b\u00e5tv\u00e4ska f\u00f6r l\u00e4ttare transport och skydd av din kajak. V\u00e4skan \u00e4r tillverkad av kraftig polyestertyg vadderad med skum f\u00f6r b\u00e4ttre skydd. Passar bra vid flygtransport. V\u00e4skan finns i en m\u00e4ngd olika f\u00e4rger.<\/p>","protected":false},"featured_media":2404,"template":"","meta":[],"product_brand":[],"product_cat":[91],"product_tag":[],"class_list":{"0":"post-2403","1":"product","2":"type-product","3":"status-publish","4":"has-post-thumbnail","6":"product_cat-vaskor","8":"first","9":"instock","10":"taxable","11":"shipping-taxable","12":"purchasable","13":"product-type-simple"},"_links":{"self":[{"href":"https:\/\/sportat.se\/en\/wp-json\/wp\/v2\/product\/2403","targetHints":{"allow":["GET"]}}],"collection":[{"href":"https:\/\/sportat.se\/en\/wp-json\/wp\/v2\/product"}],"about":[{"href":"https:\/\/sportat.se\/en\/wp-json\/wp\/v2\/types\/product"}],"version-history":[{"count":1,"href":"https:\/\/sportat.se\/en\/wp-json\/wp\/v2\/product\/2403\/revisions"}],"predecessor-version":[{"id":2407,"href":"https:\/\/sportat.se\/en\/wp-json\/wp\/v2\/product\/2403\/revisions\/2407"}],"wp:featuredmedia":[{"embeddable":true,"href":"https:\/\/sportat.se\/en\/wp-json\/wp\/v2\/media\/2404"}],"wp:attachment":[{"href":"https:\/\/sportat.se\/en\/wp-json\/wp\/v2\/media?parent=2403"}],"wp:term":[{"taxonomy":"product_brand","embeddable":true,"href":"https:\/\/sportat.se\/en\/wp-json\/wp\/v2\/product_brand?post=2403"},{"taxonomy":"product_cat","embeddable":true,"href":"https:\/\/sportat.se\/en\/wp-json\/wp\/v2\/product_cat?post=2403"},{"taxonomy":"product_tag","embeddable":true,"href":"https:\/\/sportat.se\/en\/wp-json\/wp\/v2\/product_tag?post=2403"}],"curies":[{"name":"wp","href":"https:\/\/api.w.org\/{rel}","templated":true}]}}