{"id":2036,"date":"2020-04-03T13:48:32","date_gmt":"2020-04-03T13:48:32","guid":{"rendered":"http:\/\/sportat.se\/?post_type=product&#038;p=2036"},"modified":"2024-07-17T11:11:37","modified_gmt":"2024-07-17T11:11:37","slug":"paddel-cobra-elite-l","status":"publish","type":"product","link":"https:\/\/sportat.se\/en\/product\/paddel-cobra-elite-l\/","title":{"rendered":"Paddel COBRA ELITE L"},"content":{"rendered":"<div>Bladstorlek:<\/div>\n<div>Bredd (cm): 18<\/div>\n<div class=\"field field-name-field-product-length field-type-text field-label-inline clearfix\">\n<div class=\"field-label\">L\u00e4ngd (cm): 50,5<\/div>\n<\/div>\n<div class=\"field field-name-field-product-area field-type-text field-label-above\">\n<div>Material: Kolfiber<\/div>\n<\/div>","protected":false},"excerpt":{"rendered":"<p>Cobra Elite L \u00e4r Galasports motsvarighet till Zastera Burton L vingpaddeln. Cobra \u00e4r en vidare utveckling av den popul\u00e4ra Rasmusson paddeln d\u00e4r man genom att \u00e4ndra formen och vinkel p\u00e5 bladet f\u00e5tt en paddel med \u00e4nnu b\u00e4ttre grepp i vattnet och mer aktivt f\u00f6rflyttning i sidled som underl\u00e4ttar rotation i \u00f6verkroppen.<\/p>\n<p>Cobra Elite L passar bra f\u00f6r starka paddlare och korta snabba lopp.<\/p>","protected":false},"featured_media":2033,"template":"","meta":[],"product_brand":[],"product_cat":[58,40,62],"product_tag":[],"class_list":{"0":"post-2036","1":"product","2":"type-product","3":"status-publish","4":"has-post-thumbnail","6":"product_cat-multisportpaddlar","7":"product_cat-paddlar","8":"product_cat-vingpaddlar","10":"first","11":"instock","12":"taxable","13":"shipping-taxable","14":"purchasable","15":"product-type-variable"},"_links":{"self":[{"href":"https:\/\/sportat.se\/en\/wp-json\/wp\/v2\/product\/2036","targetHints":{"allow":["GET"]}}],"collection":[{"href":"https:\/\/sportat.se\/en\/wp-json\/wp\/v2\/product"}],"about":[{"href":"https:\/\/sportat.se\/en\/wp-json\/wp\/v2\/types\/product"}],"version-history":[{"count":2,"href":"https:\/\/sportat.se\/en\/wp-json\/wp\/v2\/product\/2036\/revisions"}],"predecessor-version":[{"id":2540,"href":"https:\/\/sportat.se\/en\/wp-json\/wp\/v2\/product\/2036\/revisions\/2540"}],"wp:featuredmedia":[{"embeddable":true,"href":"https:\/\/sportat.se\/en\/wp-json\/wp\/v2\/media\/2033"}],"wp:attachment":[{"href":"https:\/\/sportat.se\/en\/wp-json\/wp\/v2\/media?parent=2036"}],"wp:term":[{"taxonomy":"product_brand","embeddable":true,"href":"https:\/\/sportat.se\/en\/wp-json\/wp\/v2\/product_brand?post=2036"},{"taxonomy":"product_cat","embeddable":true,"href":"https:\/\/sportat.se\/en\/wp-json\/wp\/v2\/product_cat?post=2036"},{"taxonomy":"product_tag","embeddable":true,"href":"https:\/\/sportat.se\/en\/wp-json\/wp\/v2\/product_tag?post=2036"}],"curies":[{"name":"wp","href":"https:\/\/api.w.org\/{rel}","templated":true}]}}