{"id":2022,"date":"2020-04-03T12:22:39","date_gmt":"2020-04-03T12:22:39","guid":{"rendered":"http:\/\/sportat.se\/?post_type=product&#038;p=2022"},"modified":"2024-07-17T11:11:37","modified_gmt":"2024-07-17T11:11:37","slug":"paddel-3m-maxi-elite","status":"publish","type":"product","link":"https:\/\/sportat.se\/en\/product\/paddel-3m-maxi-elite\/","title":{"rendered":"Paddel 3M MAXI Elite"},"content":{"rendered":"<div>M\u00e5tt p\u00e5 bladet:<\/div>\n<div>Bredd (cm): 19,2<\/div>\n<div class=\"field field-name-field-product-length field-type-text field-label-inline clearfix\">\n<div class=\"field-label\">L\u00e4ngd (cm): 51<\/div>\n<\/div>\n<div class=\"field field-name-field-product-area field-type-text field-label-above\">\n<div class=\"field-label\">Yta (cm2): 826<\/div>\n<div>Material: Kolfiber<\/div>\n<\/div>\n<div class=\"field field-name-field-product-material field-type-text field-label-inline clearfix\">\n<div class=\"field-label\"><\/div>\n<\/div>","protected":false},"excerpt":{"rendered":"<p>Universal kanadensarpaddel designat av flerfaldig OS guldmedalj\u00f6r Michal Martikan. Paddeln har kraftigt grepp och \u00e4r mycket stabil i vattnet. MAXI-versionen \u00e4r l\u00e4mplig f\u00f6r starka paddlare.<\/p>","protected":false},"featured_media":2018,"template":"","meta":[],"product_brand":[],"product_cat":[59,40],"product_tag":[],"class_list":{"0":"post-2022","1":"product","2":"type-product","3":"status-publish","4":"has-post-thumbnail","6":"product_cat-kanadensarpaddlar","7":"product_cat-paddlar","9":"first","10":"instock","11":"taxable","12":"shipping-taxable","13":"purchasable","14":"product-type-variable"},"_links":{"self":[{"href":"https:\/\/sportat.se\/en\/wp-json\/wp\/v2\/product\/2022","targetHints":{"allow":["GET"]}}],"collection":[{"href":"https:\/\/sportat.se\/en\/wp-json\/wp\/v2\/product"}],"about":[{"href":"https:\/\/sportat.se\/en\/wp-json\/wp\/v2\/types\/product"}],"version-history":[{"count":1,"href":"https:\/\/sportat.se\/en\/wp-json\/wp\/v2\/product\/2022\/revisions"}],"predecessor-version":[{"id":2201,"href":"https:\/\/sportat.se\/en\/wp-json\/wp\/v2\/product\/2022\/revisions\/2201"}],"wp:featuredmedia":[{"embeddable":true,"href":"https:\/\/sportat.se\/en\/wp-json\/wp\/v2\/media\/2018"}],"wp:attachment":[{"href":"https:\/\/sportat.se\/en\/wp-json\/wp\/v2\/media?parent=2022"}],"wp:term":[{"taxonomy":"product_brand","embeddable":true,"href":"https:\/\/sportat.se\/en\/wp-json\/wp\/v2\/product_brand?post=2022"},{"taxonomy":"product_cat","embeddable":true,"href":"https:\/\/sportat.se\/en\/wp-json\/wp\/v2\/product_cat?post=2022"},{"taxonomy":"product_tag","embeddable":true,"href":"https:\/\/sportat.se\/en\/wp-json\/wp\/v2\/product_tag?post=2022"}],"curies":[{"name":"wp","href":"https:\/\/api.w.org\/{rel}","templated":true}]}}