{"id":1952,"date":"2020-02-23T11:52:08","date_gmt":"2020-02-23T11:52:08","guid":{"rendered":"http:\/\/sportat.se\/?post_type=product&#038;p=1952"},"modified":"2024-07-17T11:11:37","modified_gmt":"2024-07-17T11:11:37","slug":"paddel-trick-midi-platinum","status":"publish","type":"product","link":"https:\/\/sportat.se\/en\/product\/paddel-trick-midi-platinum\/","title":{"rendered":"Paddel TRICK Midi Platinum"},"content":{"rendered":"<div>Bredd (cm): 19,8<\/div>\n<div class=\"field field-name-field-product-length field-type-text field-label-inline clearfix\">\n<div class=\"field-label\">L\u00e4ngd (cm): 43<\/div>\n<\/div>\n<div class=\"field field-name-field-product-area field-type-text field-label-above\">\n<div class=\"field-label\">Yta (cm2): 618<\/div>\n<div>Material: E-glasfiber<\/div>\n<\/div>\n<div class=\"field field-name-field-product-material field-type-text field-label-inline clearfix\">\n<div class=\"field-label\"><\/div>\n<\/div>","protected":false},"excerpt":{"rendered":"<p>TRICK Midi Platinum paddel har Excentriska &amp; asymmetriska starka JRS-blad med platinakonstruktion, kolf\u00f6rst\u00e4rkta, utan aluminium kanter. Denna paddel \u00e4r speciellt designad f\u00f6r Freestyle och extrem WW. Bladets kant \u00e4r f\u00f6rst\u00e4rkt med kolfiber f\u00f6r att minska slitage.<\/p>\n<p>Bladen kan kombineras med olika skaft beroende p\u00e5 styvheten i skaftet som man vill ha vid paddling.<\/p>","protected":false},"featured_media":1944,"template":"","meta":[],"product_brand":[],"product_cat":[110,60,63,40],"product_tag":[],"class_list":{"0":"post-1952","1":"product","2":"type-product","3":"status-publish","4":"has-post-thumbnail","6":"product_cat-forspaddlar","7":"product_cat-freestylepaddlar","8":"product_cat-motionspaddlar","9":"product_cat-paddlar","11":"first","12":"instock","13":"taxable","14":"shipping-taxable","15":"purchasable","16":"product-type-variable"},"_links":{"self":[{"href":"https:\/\/sportat.se\/en\/wp-json\/wp\/v2\/product\/1952","targetHints":{"allow":["GET"]}}],"collection":[{"href":"https:\/\/sportat.se\/en\/wp-json\/wp\/v2\/product"}],"about":[{"href":"https:\/\/sportat.se\/en\/wp-json\/wp\/v2\/types\/product"}],"version-history":[{"count":1,"href":"https:\/\/sportat.se\/en\/wp-json\/wp\/v2\/product\/1952\/revisions"}],"predecessor-version":[{"id":2541,"href":"https:\/\/sportat.se\/en\/wp-json\/wp\/v2\/product\/1952\/revisions\/2541"}],"wp:featuredmedia":[{"embeddable":true,"href":"https:\/\/sportat.se\/en\/wp-json\/wp\/v2\/media\/1944"}],"wp:attachment":[{"href":"https:\/\/sportat.se\/en\/wp-json\/wp\/v2\/media?parent=1952"}],"wp:term":[{"taxonomy":"product_brand","embeddable":true,"href":"https:\/\/sportat.se\/en\/wp-json\/wp\/v2\/product_brand?post=1952"},{"taxonomy":"product_cat","embeddable":true,"href":"https:\/\/sportat.se\/en\/wp-json\/wp\/v2\/product_cat?post=1952"},{"taxonomy":"product_tag","embeddable":true,"href":"https:\/\/sportat.se\/en\/wp-json\/wp\/v2\/product_tag?post=1952"}],"curies":[{"name":"wp","href":"https:\/\/api.w.org\/{rel}","templated":true}]}}