{"id":1878,"date":"2020-01-27T21:13:07","date_gmt":"2020-01-27T21:13:07","guid":{"rendered":"http:\/\/sportat.se\/?post_type=product&#038;p=1878"},"modified":"2024-07-17T11:11:37","modified_gmt":"2024-07-17T11:11:37","slug":"paddel-naja-mini-elite","status":"publish","type":"product","link":"https:\/\/sportat.se\/en\/product\/paddel-naja-mini-elite\/","title":{"rendered":"Paddel NAJA Mini Elite"},"content":{"rendered":"<div>Bredd (cm): 19,3<\/div>\n<div class=\"field field-name-field-product-length field-type-text field-label-inline clearfix\">\n<div class=\"field-label\">L\u00e4ngd (cm): 49<\/div>\n<\/div>\n<div class=\"field field-name-field-product-area field-type-text field-label-above\">\n<div class=\"field-label\">Yta (cm2): 658<\/div>\n<div>Material: Kolfiber<\/div>\n<\/div>\n<div class=\"field field-name-field-product-material field-type-text field-label-inline clearfix\">\n<div class=\"field-label\"><\/div>\n<\/div>","protected":false},"excerpt":{"rendered":"<p>NAJA paddel \u00e4r en helt ny sp\u00e4nnande design som har en extrem off-center i f\u00f6rh\u00e5llande till paddelskaftet (8mm). Det i kombination med NAJA-bladets profil ger fantastisk grepp i vattnet. NAJA passar bra f\u00f6r snabba accelerationer och en aggressiv paddelstil. Mini storlek passar f\u00f6r unga paddlare upp till 13 \u00e5r som vill ha den b\u00e4sta utrustningen.<\/p>","protected":false},"featured_media":1145,"template":"","meta":[],"product_brand":[],"product_cat":[61,40,57],"product_tag":[],"class_list":{"0":"post-1878","1":"product","2":"type-product","3":"status-publish","4":"has-post-thumbnail","6":"product_cat-barnpaddlar","7":"product_cat-paddlar","8":"product_cat-slalompaddlar","10":"first","11":"instock","12":"taxable","13":"shipping-taxable","14":"purchasable","15":"product-type-variable"},"_links":{"self":[{"href":"https:\/\/sportat.se\/en\/wp-json\/wp\/v2\/product\/1878","targetHints":{"allow":["GET"]}}],"collection":[{"href":"https:\/\/sportat.se\/en\/wp-json\/wp\/v2\/product"}],"about":[{"href":"https:\/\/sportat.se\/en\/wp-json\/wp\/v2\/types\/product"}],"version-history":[{"count":1,"href":"https:\/\/sportat.se\/en\/wp-json\/wp\/v2\/product\/1878\/revisions"}],"predecessor-version":[{"id":2542,"href":"https:\/\/sportat.se\/en\/wp-json\/wp\/v2\/product\/1878\/revisions\/2542"}],"wp:featuredmedia":[{"embeddable":true,"href":"https:\/\/sportat.se\/en\/wp-json\/wp\/v2\/media\/1145"}],"wp:attachment":[{"href":"https:\/\/sportat.se\/en\/wp-json\/wp\/v2\/media?parent=1878"}],"wp:term":[{"taxonomy":"product_brand","embeddable":true,"href":"https:\/\/sportat.se\/en\/wp-json\/wp\/v2\/product_brand?post=1878"},{"taxonomy":"product_cat","embeddable":true,"href":"https:\/\/sportat.se\/en\/wp-json\/wp\/v2\/product_cat?post=1878"},{"taxonomy":"product_tag","embeddable":true,"href":"https:\/\/sportat.se\/en\/wp-json\/wp\/v2\/product_tag?post=1878"}],"curies":[{"name":"wp","href":"https:\/\/api.w.org\/{rel}","templated":true}]}}