{"id":1858,"date":"2020-01-27T20:25:44","date_gmt":"2020-01-27T20:25:44","guid":{"rendered":"http:\/\/sportat.se\/?post_type=product&#038;p=1858"},"modified":"2024-07-17T11:11:36","modified_gmt":"2024-07-17T11:11:36","slug":"paddel-bee-ca","status":"publish","type":"product","link":"https:\/\/sportat.se\/en\/product\/paddel-bee-ca\/","title":{"rendered":"Paddel BEE C\/A"},"content":{"rendered":"<div>Bladstorlek:<\/div>\n<div>Bredd (cm): 18,7<\/div>\n<div class=\"field field-name-field-product-length field-type-text field-label-inline clearfix\">\n<div class=\"field-label\">L\u00e4ngd (cm): 44<\/div>\n<\/div>\n<div class=\"field field-name-field-product-area field-type-text field-label-above\">\n<div class=\"field-label\">Yta (cm2): 555<\/div>\n<div>Material: Kolfiber\/Aramid<\/div>\n<\/div>\n<div class=\"field field-name-field-product-material field-type-text field-label-inline clearfix\">\n<div class=\"field-label\"><\/div>\n<\/div>","protected":false},"excerpt":{"rendered":"<p>Paddeln BEE utformades att passa till paddlare i yngre ton\u00e5ren. Bladen har mindre v\u00e4lbalanserad yta f\u00f6r att ge ett stabilt drag i vattnet. Skaftet \u00e4r 27 mm i diameter och tillverkad i en blandning av glas- och kolfiber.<\/p>\n<p>&nbsp;<\/p>","protected":false},"featured_media":1109,"template":"","meta":[],"product_brand":[],"product_cat":[61,40,57],"product_tag":[],"class_list":{"0":"post-1858","1":"product","2":"type-product","3":"status-publish","4":"has-post-thumbnail","6":"product_cat-barnpaddlar","7":"product_cat-paddlar","8":"product_cat-slalompaddlar","10":"first","11":"instock","12":"taxable","13":"shipping-taxable","14":"purchasable","15":"product-type-variable"},"_links":{"self":[{"href":"https:\/\/sportat.se\/en\/wp-json\/wp\/v2\/product\/1858","targetHints":{"allow":["GET"]}}],"collection":[{"href":"https:\/\/sportat.se\/en\/wp-json\/wp\/v2\/product"}],"about":[{"href":"https:\/\/sportat.se\/en\/wp-json\/wp\/v2\/types\/product"}],"version-history":[{"count":1,"href":"https:\/\/sportat.se\/en\/wp-json\/wp\/v2\/product\/1858\/revisions"}],"predecessor-version":[{"id":2546,"href":"https:\/\/sportat.se\/en\/wp-json\/wp\/v2\/product\/1858\/revisions\/2546"}],"wp:featuredmedia":[{"embeddable":true,"href":"https:\/\/sportat.se\/en\/wp-json\/wp\/v2\/media\/1109"}],"wp:attachment":[{"href":"https:\/\/sportat.se\/en\/wp-json\/wp\/v2\/media?parent=1858"}],"wp:term":[{"taxonomy":"product_brand","embeddable":true,"href":"https:\/\/sportat.se\/en\/wp-json\/wp\/v2\/product_brand?post=1858"},{"taxonomy":"product_cat","embeddable":true,"href":"https:\/\/sportat.se\/en\/wp-json\/wp\/v2\/product_cat?post=1858"},{"taxonomy":"product_tag","embeddable":true,"href":"https:\/\/sportat.se\/en\/wp-json\/wp\/v2\/product_tag?post=1858"}],"curies":[{"name":"wp","href":"https:\/\/api.w.org\/{rel}","templated":true}]}}