{"id":1801,"date":"2020-01-18T22:01:38","date_gmt":"2020-01-18T22:01:38","guid":{"rendered":"http:\/\/sportat.se\/?post_type=product&#038;p=1801"},"modified":"2024-07-17T11:11:36","modified_gmt":"2024-07-17T11:11:36","slug":"paddel-sea-wolf-elite","status":"publish","type":"product","link":"https:\/\/sportat.se\/en\/product\/paddel-sea-wolf-elite\/","title":{"rendered":"Paddel SEA WOLF Elite"},"content":{"rendered":"<p>Bladstorlek:<br \/>\nL\u00e4ngd (cm): 46<br \/>\nBredd (cm): 18<br \/>\nYta (cm2): 577<br \/>\nMaterial: Kolfiber<\/p>","protected":false},"excerpt":{"rendered":"<p>SEA WOLF paddel \u00e4r utformad f\u00f6r att ge optimal balans mellan svikten och kraften i draget. P\u00e5 s\u00e5 s\u00e4tt kommer l\u00e4ngre turer att upplevas l\u00e4ttare samtidigt som man kan h\u00e5lla h\u00f6g fart.<\/p>\n<p>&nbsp;<\/p>","protected":false},"featured_media":1764,"template":"","meta":[],"product_brand":[],"product_cat":[56,40],"product_tag":[],"class_list":{"0":"post-1801","1":"product","2":"type-product","3":"status-publish","4":"has-post-thumbnail","6":"product_cat-havspaddlar","7":"product_cat-paddlar","9":"first","10":"instock","11":"taxable","12":"shipping-taxable","13":"purchasable","14":"product-type-variable"},"_links":{"self":[{"href":"https:\/\/sportat.se\/en\/wp-json\/wp\/v2\/product\/1801","targetHints":{"allow":["GET"]}}],"collection":[{"href":"https:\/\/sportat.se\/en\/wp-json\/wp\/v2\/product"}],"about":[{"href":"https:\/\/sportat.se\/en\/wp-json\/wp\/v2\/types\/product"}],"version-history":[{"count":2,"href":"https:\/\/sportat.se\/en\/wp-json\/wp\/v2\/product\/1801\/revisions"}],"predecessor-version":[{"id":2550,"href":"https:\/\/sportat.se\/en\/wp-json\/wp\/v2\/product\/1801\/revisions\/2550"}],"wp:featuredmedia":[{"embeddable":true,"href":"https:\/\/sportat.se\/en\/wp-json\/wp\/v2\/media\/1764"}],"wp:attachment":[{"href":"https:\/\/sportat.se\/en\/wp-json\/wp\/v2\/media?parent=1801"}],"wp:term":[{"taxonomy":"product_brand","embeddable":true,"href":"https:\/\/sportat.se\/en\/wp-json\/wp\/v2\/product_brand?post=1801"},{"taxonomy":"product_cat","embeddable":true,"href":"https:\/\/sportat.se\/en\/wp-json\/wp\/v2\/product_cat?post=1801"},{"taxonomy":"product_tag","embeddable":true,"href":"https:\/\/sportat.se\/en\/wp-json\/wp\/v2\/product_tag?post=1801"}],"curies":[{"name":"wp","href":"https:\/\/api.w.org\/{rel}","templated":true}]}}