{"id":1754,"date":"2020-01-07T21:37:39","date_gmt":"2020-01-07T21:37:39","guid":{"rendered":"http:\/\/sportat.se\/?post_type=product&#038;p=1754"},"modified":"2024-07-17T11:11:34","modified_gmt":"2024-07-17T11:11:34","slug":"paddel-corsair-multicolor","status":"publish","type":"product","link":"https:\/\/sportat.se\/en\/product\/paddel-corsair-multicolor\/","title":{"rendered":"Paddel CORSAIR Multicolor"},"content":{"rendered":"<p>Bladstorlek:<br \/>\nL\u00e4ngd (cm): 54<br \/>\nBredd (cm): 14,7<br \/>\nYta (cm2): 570<br \/>\nMaterial: Glasfiber<\/p>","protected":false},"excerpt":{"rendered":"<p>Corsair paddel \u00e4r utformad f\u00f6r paddling i bl\u00e5siga f\u00f6rh\u00e5llanden. Bladens smala form ger ett mjukt drag som glider f\u00f6ljsamt genom vattnet. Paddeln passar bra f\u00f6r l\u00e5nga turer d\u00e4r marschfarten \u00e4r l\u00e4gre.<\/p>\n<p>Bladen finns i tv\u00e5 olika f\u00e4rger svart och r\u00f6d.<\/p>","protected":false},"featured_media":1777,"template":"","meta":[],"product_brand":[],"product_cat":[56,40],"product_tag":[],"class_list":{"0":"post-1754","1":"product","2":"type-product","3":"status-publish","4":"has-post-thumbnail","6":"product_cat-havspaddlar","7":"product_cat-paddlar","9":"first","10":"instock","11":"taxable","12":"shipping-taxable","13":"purchasable","14":"product-type-variable"},"_links":{"self":[{"href":"https:\/\/sportat.se\/en\/wp-json\/wp\/v2\/product\/1754","targetHints":{"allow":["GET"]}}],"collection":[{"href":"https:\/\/sportat.se\/en\/wp-json\/wp\/v2\/product"}],"about":[{"href":"https:\/\/sportat.se\/en\/wp-json\/wp\/v2\/types\/product"}],"version-history":[{"count":2,"href":"https:\/\/sportat.se\/en\/wp-json\/wp\/v2\/product\/1754\/revisions"}],"predecessor-version":[{"id":2553,"href":"https:\/\/sportat.se\/en\/wp-json\/wp\/v2\/product\/1754\/revisions\/2553"}],"wp:featuredmedia":[{"embeddable":true,"href":"https:\/\/sportat.se\/en\/wp-json\/wp\/v2\/media\/1777"}],"wp:attachment":[{"href":"https:\/\/sportat.se\/en\/wp-json\/wp\/v2\/media?parent=1754"}],"wp:term":[{"taxonomy":"product_brand","embeddable":true,"href":"https:\/\/sportat.se\/en\/wp-json\/wp\/v2\/product_brand?post=1754"},{"taxonomy":"product_cat","embeddable":true,"href":"https:\/\/sportat.se\/en\/wp-json\/wp\/v2\/product_cat?post=1754"},{"taxonomy":"product_tag","embeddable":true,"href":"https:\/\/sportat.se\/en\/wp-json\/wp\/v2\/product_tag?post=1754"}],"curies":[{"name":"wp","href":"https:\/\/api.w.org\/{rel}","templated":true}]}}