{"id":1740,"date":"2020-01-02T19:13:09","date_gmt":"2020-01-02T19:13:09","guid":{"rendered":"http:\/\/sportat.se\/?post_type=product&#038;p=1740"},"modified":"2022-04-26T19:00:30","modified_gmt":"2022-04-26T19:00:30","slug":"stovlar-neos","status":"publish","type":"product","link":"https:\/\/sportat.se\/en\/product\/stovlar-neos\/","title":{"rendered":"St\u00f6vlar NEOS"},"content":{"rendered":"","protected":false},"excerpt":{"rendered":"<p>Kraftiga st\u00f6vlar av h\u00f6g kvalitet tillverkade i 5 mm neopren. F\u00f6rst\u00e4rkta vid slitytorna.<br \/>\nPassar bra vid paddling i kalla f\u00f6rh\u00e5llanden.<\/p>","protected":false},"featured_media":5208,"template":"","meta":[],"product_brand":[],"product_cat":[70,41],"product_tag":[],"class_list":{"0":"post-1740","1":"product","2":"type-product","3":"status-publish","4":"has-post-thumbnail","6":"product_cat-skor","7":"product_cat-utrustning","9":"first","10":"instock","11":"taxable","12":"shipping-taxable","13":"purchasable","14":"product-type-variable"},"_links":{"self":[{"href":"https:\/\/sportat.se\/en\/wp-json\/wp\/v2\/product\/1740","targetHints":{"allow":["GET"]}}],"collection":[{"href":"https:\/\/sportat.se\/en\/wp-json\/wp\/v2\/product"}],"about":[{"href":"https:\/\/sportat.se\/en\/wp-json\/wp\/v2\/types\/product"}],"version-history":[{"count":1,"href":"https:\/\/sportat.se\/en\/wp-json\/wp\/v2\/product\/1740\/revisions"}],"predecessor-version":[{"id":2554,"href":"https:\/\/sportat.se\/en\/wp-json\/wp\/v2\/product\/1740\/revisions\/2554"}],"wp:featuredmedia":[{"embeddable":true,"href":"https:\/\/sportat.se\/en\/wp-json\/wp\/v2\/media\/5208"}],"wp:attachment":[{"href":"https:\/\/sportat.se\/en\/wp-json\/wp\/v2\/media?parent=1740"}],"wp:term":[{"taxonomy":"product_brand","embeddable":true,"href":"https:\/\/sportat.se\/en\/wp-json\/wp\/v2\/product_brand?post=1740"},{"taxonomy":"product_cat","embeddable":true,"href":"https:\/\/sportat.se\/en\/wp-json\/wp\/v2\/product_cat?post=1740"},{"taxonomy":"product_tag","embeddable":true,"href":"https:\/\/sportat.se\/en\/wp-json\/wp\/v2\/product_tag?post=1740"}],"curies":[{"name":"wp","href":"https:\/\/api.w.org\/{rel}","templated":true}]}}