{"id":1723,"date":"2020-01-02T19:12:56","date_gmt":"2020-01-02T19:12:56","guid":{"rendered":"http:\/\/sportat.se\/?post_type=product&#038;p=1723"},"modified":"2022-02-19T19:52:08","modified_gmt":"2022-02-19T19:52:08","slug":"skor-sandi-sommar","status":"publish","type":"product","link":"https:\/\/sportat.se\/en\/product\/skor-sandi-sommar\/","title":{"rendered":"Skor SANDI sommar"},"content":{"rendered":"","protected":false},"excerpt":{"rendered":"<p>L\u00e4tta sommarskor av h\u00f6g kvalitet tillverkade i 2 mm neopren. F\u00f6rst\u00e4rkta vid slitytorna.<\/p>","protected":false},"featured_media":5207,"template":"","meta":[],"product_brand":[],"product_cat":[70,41],"product_tag":[],"class_list":{"0":"post-1723","1":"product","2":"type-product","3":"status-publish","4":"has-post-thumbnail","6":"product_cat-skor","7":"product_cat-utrustning","9":"first","10":"instock","11":"taxable","12":"shipping-taxable","13":"purchasable","14":"product-type-variable"},"_links":{"self":[{"href":"https:\/\/sportat.se\/en\/wp-json\/wp\/v2\/product\/1723","targetHints":{"allow":["GET"]}}],"collection":[{"href":"https:\/\/sportat.se\/en\/wp-json\/wp\/v2\/product"}],"about":[{"href":"https:\/\/sportat.se\/en\/wp-json\/wp\/v2\/types\/product"}],"version-history":[{"count":1,"href":"https:\/\/sportat.se\/en\/wp-json\/wp\/v2\/product\/1723\/revisions"}],"predecessor-version":[{"id":2555,"href":"https:\/\/sportat.se\/en\/wp-json\/wp\/v2\/product\/1723\/revisions\/2555"}],"wp:featuredmedia":[{"embeddable":true,"href":"https:\/\/sportat.se\/en\/wp-json\/wp\/v2\/media\/5207"}],"wp:attachment":[{"href":"https:\/\/sportat.se\/en\/wp-json\/wp\/v2\/media?parent=1723"}],"wp:term":[{"taxonomy":"product_brand","embeddable":true,"href":"https:\/\/sportat.se\/en\/wp-json\/wp\/v2\/product_brand?post=1723"},{"taxonomy":"product_cat","embeddable":true,"href":"https:\/\/sportat.se\/en\/wp-json\/wp\/v2\/product_cat?post=1723"},{"taxonomy":"product_tag","embeddable":true,"href":"https:\/\/sportat.se\/en\/wp-json\/wp\/v2\/product_tag?post=1723"}],"curies":[{"name":"wp","href":"https:\/\/api.w.org\/{rel}","templated":true}]}}