{"id":1709,"date":"2020-01-02T18:15:23","date_gmt":"2020-01-02T18:15:23","guid":{"rendered":"http:\/\/sportat.se\/?post_type=product&#038;p=1709"},"modified":"2021-12-30T09:49:08","modified_gmt":"2021-12-30T09:49:08","slug":"flytvast-polo-1-9","status":"publish","type":"product","link":"https:\/\/sportat.se\/en\/product\/flytvast-polo-1-9\/","title":{"rendered":"Flytv\u00e4st POLO 1-9"},"content":{"rendered":"","protected":false},"excerpt":{"rendered":"<p>POLO flytv\u00e4st med enkelt nummer fram och bak (1-9). Du kan v\u00e4lja mellan n\u00e5gra olika f\u00e4rger som ska anv\u00e4ndas f\u00f6r inre och yttre sida av flytv\u00e4sten. Siffrorna \u00e4r tillverkade i l\u00e4der av god kvalitet.<\/p>\n<p>Storlek\u00a0S \/ M:<br \/>\nL\u00e4ngd fr\u00e5n axlarna ned\u00e5t 52 cm.<br \/>\nOmkrets 78 &#8211; 102 cm.<br \/>\nN\u00e4r sidobanden dras \u00e5t \u00e4r avst\u00e5ndet mellan den fr\u00e4mre och bakre delen 10 cm.<br \/>\nOm du sl\u00e4pper sidobanden blir avst\u00e5ndet mellan den fr\u00e4mre<br \/>\noch bakre delen 22 cm.<br \/>\nSkillnaden \u00e4r 12 cm p\u00e5 varje sida, totalt 24 cm (78 +24 = 102 cm).<\/p>\n<p>Storlek L \/ XL:<br \/>\nL\u00e4ngd fr\u00e5n axlarna ned\u00e5t 55 cm<br \/>\nOmkrets 85 &#8211; 115 cm.<br \/>\nN\u00e4r sidobanden dras \u00e5t \u00e4r avst\u00e5ndet mellan den fr\u00e4mre och bakre delen 10 cm.<br \/>\nOm du sl\u00e4pper sidobanden blir avst\u00e5ndet mellan den fr\u00e4mre<br \/>\noch bakre delen 25 cm.<br \/>\nSkillnaden \u00e4r 15 cm p\u00e5 varje sida, totalt 30 cm (85 + 30 = 115 cm).<\/p>\n<p>&nbsp;<\/p>","protected":false},"featured_media":5165,"template":"","meta":[],"product_brand":[],"product_cat":[67,41],"product_tag":[],"class_list":{"0":"post-1709","1":"product","2":"type-product","3":"status-publish","4":"has-post-thumbnail","6":"product_cat-flytvastar","7":"product_cat-utrustning","9":"first","10":"outofstock","11":"taxable","12":"shipping-taxable","13":"purchasable","14":"product-type-variable"},"_links":{"self":[{"href":"https:\/\/sportat.se\/en\/wp-json\/wp\/v2\/product\/1709","targetHints":{"allow":["GET"]}}],"collection":[{"href":"https:\/\/sportat.se\/en\/wp-json\/wp\/v2\/product"}],"about":[{"href":"https:\/\/sportat.se\/en\/wp-json\/wp\/v2\/types\/product"}],"version-history":[{"count":1,"href":"https:\/\/sportat.se\/en\/wp-json\/wp\/v2\/product\/1709\/revisions"}],"predecessor-version":[{"id":2585,"href":"https:\/\/sportat.se\/en\/wp-json\/wp\/v2\/product\/1709\/revisions\/2585"}],"wp:featuredmedia":[{"embeddable":true,"href":"https:\/\/sportat.se\/en\/wp-json\/wp\/v2\/media\/5165"}],"wp:attachment":[{"href":"https:\/\/sportat.se\/en\/wp-json\/wp\/v2\/media?parent=1709"}],"wp:term":[{"taxonomy":"product_brand","embeddable":true,"href":"https:\/\/sportat.se\/en\/wp-json\/wp\/v2\/product_brand?post=1709"},{"taxonomy":"product_cat","embeddable":true,"href":"https:\/\/sportat.se\/en\/wp-json\/wp\/v2\/product_cat?post=1709"},{"taxonomy":"product_tag","embeddable":true,"href":"https:\/\/sportat.se\/en\/wp-json\/wp\/v2\/product_tag?post=1709"}],"curies":[{"name":"wp","href":"https:\/\/api.w.org\/{rel}","templated":true}]}}