{"id":1706,"date":"2020-01-02T18:04:37","date_gmt":"2020-01-02T18:04:37","guid":{"rendered":"http:\/\/sportat.se\/?post_type=product&#038;p=1706"},"modified":"2021-03-20T22:30:24","modified_gmt":"2021-03-20T22:30:24","slug":"flytvast-sandi-junior","status":"publish","type":"product","link":"https:\/\/sportat.se\/en\/product\/flytvast-sandi-junior\/","title":{"rendered":"Flytv\u00e4st SANDI Junior"},"content":{"rendered":"<p><a href=\"https:\/\/media.enstasport.se\/2019\/11\/pfd_slim3-1.jpg\"><img fetchpriority=\"high\" decoding=\"async\" class=\"alignnone size-medium wp-image-1230\" src=\"https:\/\/media.enstasport.se\/2019\/11\/pfd_slim3-1-194x300.jpg\" alt=\"\" width=\"194\" height=\"300\" srcset=\"https:\/\/sportat.se\/wp-content\/uploads\/2019\/11\/pfd_slim3-1-194x300.jpg 194w, https:\/\/sportat.se\/wp-content\/uploads\/2019\/11\/pfd_slim3-1-300x464.jpg 300w, https:\/\/sportat.se\/wp-content\/uploads\/2019\/11\/pfd_slim3-1-600x927.jpg 600w, https:\/\/sportat.se\/wp-content\/uploads\/2019\/11\/pfd_slim3-1-663x1024.jpg 663w, https:\/\/sportat.se\/wp-content\/uploads\/2019\/11\/pfd_slim3-1-768x1187.jpg 768w, https:\/\/sportat.se\/wp-content\/uploads\/2019\/11\/pfd_slim3-1-994x1536.jpg 994w, https:\/\/sportat.se\/wp-content\/uploads\/2019\/11\/pfd_slim3-1-1325x2048.jpg 1325w, https:\/\/sportat.se\/wp-content\/uploads\/2019\/11\/pfd_slim3-1-324x501.jpg 324w, https:\/\/sportat.se\/wp-content\/uploads\/2019\/11\/pfd_slim3-1-416x643.jpg 416w, https:\/\/sportat.se\/wp-content\/uploads\/2019\/11\/pfd_slim3-1.jpg 1600w\" sizes=\"(max-width: 194px) 100vw, 194px\" \/><\/a><\/p>","protected":false},"excerpt":{"rendered":"<p>En junior modell av l\u00e4tt och smal flytv\u00e4st tillverkad f\u00f6r t\u00e4vlingar i kanotslalom. M\u00e5let \u00e4r att v\u00e4sten k\u00e4nns s\u00e5 lite som m\u00f6jligt vid paddling, trots att den har tillr\u00e4cklig flytkraft f\u00f6r att vara godk\u00e4nd enligt ISO 12402-5 standarden.<\/p>\n<p>Passar till barn fr\u00e5n 25 till 45 kg.<\/p>\n<p>Tillverkad i h\u00e5llbara Cordura 500 tyg och Airex skum.<\/p>\n<p>En storlek.<\/p>\n<p>&nbsp;<\/p>","protected":false},"featured_media":5163,"template":"","meta":[],"product_brand":[],"product_cat":[67,41],"product_tag":[],"class_list":{"0":"post-1706","1":"product","2":"type-product","3":"status-publish","4":"has-post-thumbnail","6":"product_cat-flytvastar","7":"product_cat-utrustning","9":"first","10":"instock","11":"taxable","12":"shipping-taxable","13":"purchasable","14":"product-type-simple"},"_links":{"self":[{"href":"https:\/\/sportat.se\/en\/wp-json\/wp\/v2\/product\/1706","targetHints":{"allow":["GET"]}}],"collection":[{"href":"https:\/\/sportat.se\/en\/wp-json\/wp\/v2\/product"}],"about":[{"href":"https:\/\/sportat.se\/en\/wp-json\/wp\/v2\/types\/product"}],"version-history":[{"count":1,"href":"https:\/\/sportat.se\/en\/wp-json\/wp\/v2\/product\/1706\/revisions"}],"predecessor-version":[{"id":2586,"href":"https:\/\/sportat.se\/en\/wp-json\/wp\/v2\/product\/1706\/revisions\/2586"}],"wp:featuredmedia":[{"embeddable":true,"href":"https:\/\/sportat.se\/en\/wp-json\/wp\/v2\/media\/5163"}],"wp:attachment":[{"href":"https:\/\/sportat.se\/en\/wp-json\/wp\/v2\/media?parent=1706"}],"wp:term":[{"taxonomy":"product_brand","embeddable":true,"href":"https:\/\/sportat.se\/en\/wp-json\/wp\/v2\/product_brand?post=1706"},{"taxonomy":"product_cat","embeddable":true,"href":"https:\/\/sportat.se\/en\/wp-json\/wp\/v2\/product_cat?post=1706"},{"taxonomy":"product_tag","embeddable":true,"href":"https:\/\/sportat.se\/en\/wp-json\/wp\/v2\/product_tag?post=1706"}],"curies":[{"name":"wp","href":"https:\/\/api.w.org\/{rel}","templated":true}]}}