{"id":1678,"date":"2020-01-02T16:28:40","date_gmt":"2020-01-02T16:28:40","guid":{"rendered":"http:\/\/sportat.se\/?post_type=product&#038;p=1678"},"modified":"2022-02-19T19:52:08","modified_gmt":"2022-02-19T19:52:08","slug":"kapell-slalom-k1-d","status":"publish","type":"product","link":"https:\/\/sportat.se\/en\/product\/kapell-slalom-k1-d\/","title":{"rendered":"Kapell Slalom K1 D"},"content":{"rendered":"<p>Midjestorlekar:<br \/>\nXS &#8211; 58 cm<br \/>\nS &#8211; 72 cm<br \/>\nM &#8211; 78 cm<br \/>\nL &#8211; 84 cm<br \/>\nXL &#8211; 90 cm<br \/>\nXXL &#8211; 96 cm<\/p>","protected":false},"excerpt":{"rendered":"<p>Slalom K1 D \u00e4r kapell anpassat till sittbrunnen p\u00e5 slalomkajaker. Den h\u00e4r modellen har en dubbel t\u00e4tning runt midjan. Tillverkad i 3 mm neopren.<\/p>\n<p>&nbsp;<\/p>","protected":false},"featured_media":5175,"template":"","meta":[],"product_brand":[],"product_cat":[66,41],"product_tag":[],"class_list":{"0":"post-1678","1":"product","2":"type-product","3":"status-publish","4":"has-post-thumbnail","6":"product_cat-kapell","7":"product_cat-utrustning","9":"first","10":"instock","11":"taxable","12":"shipping-taxable","13":"purchasable","14":"product-type-variable"},"_links":{"self":[{"href":"https:\/\/sportat.se\/en\/wp-json\/wp\/v2\/product\/1678","targetHints":{"allow":["GET"]}}],"collection":[{"href":"https:\/\/sportat.se\/en\/wp-json\/wp\/v2\/product"}],"about":[{"href":"https:\/\/sportat.se\/en\/wp-json\/wp\/v2\/types\/product"}],"version-history":[{"count":1,"href":"https:\/\/sportat.se\/en\/wp-json\/wp\/v2\/product\/1678\/revisions"}],"predecessor-version":[{"id":2590,"href":"https:\/\/sportat.se\/en\/wp-json\/wp\/v2\/product\/1678\/revisions\/2590"}],"wp:featuredmedia":[{"embeddable":true,"href":"https:\/\/sportat.se\/en\/wp-json\/wp\/v2\/media\/5175"}],"wp:attachment":[{"href":"https:\/\/sportat.se\/en\/wp-json\/wp\/v2\/media?parent=1678"}],"wp:term":[{"taxonomy":"product_brand","embeddable":true,"href":"https:\/\/sportat.se\/en\/wp-json\/wp\/v2\/product_brand?post=1678"},{"taxonomy":"product_cat","embeddable":true,"href":"https:\/\/sportat.se\/en\/wp-json\/wp\/v2\/product_cat?post=1678"},{"taxonomy":"product_tag","embeddable":true,"href":"https:\/\/sportat.se\/en\/wp-json\/wp\/v2\/product_tag?post=1678"}],"curies":[{"name":"wp","href":"https:\/\/api.w.org\/{rel}","templated":true}]}}