{"id":1639,"date":"2020-01-01T20:48:11","date_gmt":"2020-01-01T20:48:11","guid":{"rendered":"http:\/\/sportat.se\/?post_type=product&#038;p=1639"},"modified":"2021-03-09T20:57:37","modified_gmt":"2021-03-09T20:57:37","slug":"paddeljacka-race-kort","status":"publish","type":"product","link":"https:\/\/sportat.se\/en\/product\/paddeljacka-race-kort\/","title":{"rendered":"Paddeljacka RACE kort"},"content":{"rendered":"<p><a href=\"https:\/\/media.enstasport.se\/2019\/11\/snimek_obrazovky_2013-04-16_v_13.37.07_8-1.png\"><img fetchpriority=\"high\" decoding=\"async\" class=\"alignnone size-medium wp-image-1223\" src=\"https:\/\/media.enstasport.se\/2019\/11\/snimek_obrazovky_2013-04-16_v_13.37.07_8-1-300x255.png\" alt=\"\" width=\"300\" height=\"255\" srcset=\"https:\/\/sportat.se\/wp-content\/uploads\/2019\/11\/snimek_obrazovky_2013-04-16_v_13.37.07_8-1-300x255.png 300w, https:\/\/sportat.se\/wp-content\/uploads\/2019\/11\/snimek_obrazovky_2013-04-16_v_13.37.07_8-1-416x353.png 416w, https:\/\/sportat.se\/wp-content\/uploads\/2019\/11\/snimek_obrazovky_2013-04-16_v_13.37.07_8-1-324x275.png 324w, https:\/\/sportat.se\/wp-content\/uploads\/2019\/11\/snimek_obrazovky_2013-04-16_v_13.37.07_8-1.png 584w\" sizes=\"(max-width: 300px) 100vw, 300px\" \/><\/a><\/p>","protected":false},"excerpt":{"rendered":"<p>RACE \u00e4r en mellanviktsjacka som passar bra till tr\u00e4ning och t\u00e4vling p\u00e5 sommaren.<\/p>\n<p>&#8211; vattent\u00e4t (10 000 mm)<\/p>\n<p>&#8211; andningsbar (10 000 mm \/ m2 \/ 24 timmar)<\/p>\n<p>&#8211; neopren i\u00a0 hals, midjan och \u00e4rmmuddar<\/p>\n<p>&#8211; 3-lagers Nylon mini ripstop-material<\/p>","protected":false},"featured_media":5055,"template":"","meta":[],"product_brand":[],"product_cat":[65,41],"product_tag":[],"class_list":{"0":"post-1639","1":"product","2":"type-product","3":"status-publish","4":"has-post-thumbnail","6":"product_cat-paddeljackor","7":"product_cat-utrustning","9":"first","10":"instock","11":"taxable","12":"shipping-taxable","13":"purchasable","14":"product-type-variable"},"_links":{"self":[{"href":"https:\/\/sportat.se\/en\/wp-json\/wp\/v2\/product\/1639","targetHints":{"allow":["GET"]}}],"collection":[{"href":"https:\/\/sportat.se\/en\/wp-json\/wp\/v2\/product"}],"about":[{"href":"https:\/\/sportat.se\/en\/wp-json\/wp\/v2\/types\/product"}],"version-history":[{"count":1,"href":"https:\/\/sportat.se\/en\/wp-json\/wp\/v2\/product\/1639\/revisions"}],"predecessor-version":[{"id":2597,"href":"https:\/\/sportat.se\/en\/wp-json\/wp\/v2\/product\/1639\/revisions\/2597"}],"wp:featuredmedia":[{"embeddable":true,"href":"https:\/\/sportat.se\/en\/wp-json\/wp\/v2\/media\/5055"}],"wp:attachment":[{"href":"https:\/\/sportat.se\/en\/wp-json\/wp\/v2\/media?parent=1639"}],"wp:term":[{"taxonomy":"product_brand","embeddable":true,"href":"https:\/\/sportat.se\/en\/wp-json\/wp\/v2\/product_brand?post=1639"},{"taxonomy":"product_cat","embeddable":true,"href":"https:\/\/sportat.se\/en\/wp-json\/wp\/v2\/product_cat?post=1639"},{"taxonomy":"product_tag","embeddable":true,"href":"https:\/\/sportat.se\/en\/wp-json\/wp\/v2\/product_tag?post=1639"}],"curies":[{"name":"wp","href":"https:\/\/api.w.org\/{rel}","templated":true}]}}