{"id":1595,"date":"2019-12-30T19:18:56","date_gmt":"2019-12-30T19:18:56","guid":{"rendered":"http:\/\/sportat.se\/?post_type=product&#038;p=1595"},"modified":"2021-03-09T21:27:36","modified_gmt":"2021-03-09T21:27:36","slug":"neoprenbyxor-skin-05-mm","status":"publish","type":"product","link":"https:\/\/sportat.se\/en\/product\/neoprenbyxor-skin-05-mm\/","title":{"rendered":"Neoprenbyxor SKIN 0,5 mm"},"content":{"rendered":"<p><a href=\"https:\/\/media.enstasport.se\/2019\/11\/snimek_obrazovky_2013-04-16_v_13.37.07_8-1.png\"><img fetchpriority=\"high\" decoding=\"async\" class=\"alignnone size-medium wp-image-1223\" src=\"https:\/\/media.enstasport.se\/2019\/11\/snimek_obrazovky_2013-04-16_v_13.37.07_8-1-300x255.png\" alt=\"\" width=\"300\" height=\"255\" srcset=\"https:\/\/sportat.se\/wp-content\/uploads\/2019\/11\/snimek_obrazovky_2013-04-16_v_13.37.07_8-1-300x255.png 300w, https:\/\/sportat.se\/wp-content\/uploads\/2019\/11\/snimek_obrazovky_2013-04-16_v_13.37.07_8-1-416x353.png 416w, https:\/\/sportat.se\/wp-content\/uploads\/2019\/11\/snimek_obrazovky_2013-04-16_v_13.37.07_8-1-324x275.png 324w, https:\/\/sportat.se\/wp-content\/uploads\/2019\/11\/snimek_obrazovky_2013-04-16_v_13.37.07_8-1.png 584w\" sizes=\"(max-width: 300px) 100vw, 300px\" \/><\/a><\/p>","protected":false},"excerpt":{"rendered":"<p>Tunna och l\u00e4tta neopren shorts i 0,5 mm superstretch neopren.<\/p>\n<p>Funktioner:<\/p>\n<p>&#8211; Extra stretch neopren vid grenen och midjan f\u00f6r b\u00e4ttre r\u00f6relse<\/p>\n<p>&#8211; Bra passform f\u00f6r att \u00f6ka v\u00e4rmen<\/p>\n<p>&#8211; Extra h\u00f6ga p\u00e5 baksidan f\u00f6r att h\u00e5lla ryggen varm<\/p>","protected":false},"featured_media":5061,"template":"","meta":[],"product_brand":[],"product_cat":[73,68],"product_tag":[],"class_list":{"0":"post-1595","1":"product","2":"type-product","3":"status-publish","4":"has-post-thumbnail","6":"product_cat-byxor","7":"product_cat-vatdrakter","9":"first","10":"instock","11":"taxable","12":"shipping-taxable","13":"purchasable","14":"product-type-variable"},"_links":{"self":[{"href":"https:\/\/sportat.se\/en\/wp-json\/wp\/v2\/product\/1595","targetHints":{"allow":["GET"]}}],"collection":[{"href":"https:\/\/sportat.se\/en\/wp-json\/wp\/v2\/product"}],"about":[{"href":"https:\/\/sportat.se\/en\/wp-json\/wp\/v2\/types\/product"}],"version-history":[{"count":1,"href":"https:\/\/sportat.se\/en\/wp-json\/wp\/v2\/product\/1595\/revisions"}],"predecessor-version":[{"id":2601,"href":"https:\/\/sportat.se\/en\/wp-json\/wp\/v2\/product\/1595\/revisions\/2601"}],"wp:featuredmedia":[{"embeddable":true,"href":"https:\/\/sportat.se\/en\/wp-json\/wp\/v2\/media\/5061"}],"wp:attachment":[{"href":"https:\/\/sportat.se\/en\/wp-json\/wp\/v2\/media?parent=1595"}],"wp:term":[{"taxonomy":"product_brand","embeddable":true,"href":"https:\/\/sportat.se\/en\/wp-json\/wp\/v2\/product_brand?post=1595"},{"taxonomy":"product_cat","embeddable":true,"href":"https:\/\/sportat.se\/en\/wp-json\/wp\/v2\/product_cat?post=1595"},{"taxonomy":"product_tag","embeddable":true,"href":"https:\/\/sportat.se\/en\/wp-json\/wp\/v2\/product_tag?post=1595"}],"curies":[{"name":"wp","href":"https:\/\/api.w.org\/{rel}","templated":true}]}}