{"id":1575,"date":"2019-12-30T17:52:26","date_gmt":"2019-12-30T17:52:26","guid":{"rendered":"http:\/\/sportat.se\/?post_type=product&#038;p=1575"},"modified":"2020-12-13T21:17:16","modified_gmt":"2020-12-13T21:17:16","slug":"fotstod-lang","status":"publish","type":"product","link":"https:\/\/sportat.se\/en\/product\/fotstod-lang\/","title":{"rendered":"Fotst\u00f6d l\u00e5ng"},"content":{"rendered":"","protected":false},"excerpt":{"rendered":"<p>L\u00e4tta fotst\u00f6d i aluminium. L\u00e5ng modell 300 mm.<\/p>","protected":false},"featured_media":1336,"template":"","meta":[],"product_brand":[],"product_cat":[78],"product_tag":[],"class_list":{"0":"post-1575","1":"product","2":"type-product","3":"status-publish","4":"has-post-thumbnail","6":"product_cat-fotstod","8":"first","9":"instock","10":"taxable","11":"shipping-taxable","12":"product-type-simple"},"_links":{"self":[{"href":"https:\/\/sportat.se\/en\/wp-json\/wp\/v2\/product\/1575","targetHints":{"allow":["GET"]}}],"collection":[{"href":"https:\/\/sportat.se\/en\/wp-json\/wp\/v2\/product"}],"about":[{"href":"https:\/\/sportat.se\/en\/wp-json\/wp\/v2\/types\/product"}],"version-history":[{"count":1,"href":"https:\/\/sportat.se\/en\/wp-json\/wp\/v2\/product\/1575\/revisions"}],"predecessor-version":[{"id":2603,"href":"https:\/\/sportat.se\/en\/wp-json\/wp\/v2\/product\/1575\/revisions\/2603"}],"wp:featuredmedia":[{"embeddable":true,"href":"https:\/\/sportat.se\/en\/wp-json\/wp\/v2\/media\/1336"}],"wp:attachment":[{"href":"https:\/\/sportat.se\/en\/wp-json\/wp\/v2\/media?parent=1575"}],"wp:term":[{"taxonomy":"product_brand","embeddable":true,"href":"https:\/\/sportat.se\/en\/wp-json\/wp\/v2\/product_brand?post=1575"},{"taxonomy":"product_cat","embeddable":true,"href":"https:\/\/sportat.se\/en\/wp-json\/wp\/v2\/product_cat?post=1575"},{"taxonomy":"product_tag","embeddable":true,"href":"https:\/\/sportat.se\/en\/wp-json\/wp\/v2\/product_tag?post=1575"}],"curies":[{"name":"wp","href":"https:\/\/api.w.org\/{rel}","templated":true}]}}