{"id":1559,"date":"2019-12-28T17:16:34","date_gmt":"2019-12-28T17:16:34","guid":{"rendered":"http:\/\/sportat.se\/?post_type=product&#038;p=1559"},"modified":"2020-12-20T16:30:26","modified_gmt":"2020-12-20T16:30:26","slug":"sits-2010-l-diolen","status":"publish","type":"product","link":"https:\/\/sportat.se\/en\/product\/sits-2010-l-diolen\/","title":{"rendered":"Sits 2010 Diolen"},"content":{"rendered":"","protected":false},"excerpt":{"rendered":"<p>Sitsen 2010 \u00e4r anpassad f\u00f6r slalomkajaker. Finns i tre storlekar och tv\u00e5 materialutf\u00f6randen.<\/p>","protected":false},"featured_media":1561,"template":"","meta":[],"product_brand":[],"product_cat":[80],"product_tag":[],"class_list":{"0":"post-1559","1":"product","2":"type-product","3":"status-publish","4":"has-post-thumbnail","6":"product_cat-sitsar","8":"first","9":"instock","10":"taxable","11":"shipping-taxable","12":"product-type-variable"},"_links":{"self":[{"href":"https:\/\/sportat.se\/en\/wp-json\/wp\/v2\/product\/1559","targetHints":{"allow":["GET"]}}],"collection":[{"href":"https:\/\/sportat.se\/en\/wp-json\/wp\/v2\/product"}],"about":[{"href":"https:\/\/sportat.se\/en\/wp-json\/wp\/v2\/types\/product"}],"version-history":[{"count":1,"href":"https:\/\/sportat.se\/en\/wp-json\/wp\/v2\/product\/1559\/revisions"}],"predecessor-version":[{"id":2829,"href":"https:\/\/sportat.se\/en\/wp-json\/wp\/v2\/product\/1559\/revisions\/2829"}],"wp:featuredmedia":[{"embeddable":true,"href":"https:\/\/sportat.se\/en\/wp-json\/wp\/v2\/media\/1561"}],"wp:attachment":[{"href":"https:\/\/sportat.se\/en\/wp-json\/wp\/v2\/media?parent=1559"}],"wp:term":[{"taxonomy":"product_brand","embeddable":true,"href":"https:\/\/sportat.se\/en\/wp-json\/wp\/v2\/product_brand?post=1559"},{"taxonomy":"product_cat","embeddable":true,"href":"https:\/\/sportat.se\/en\/wp-json\/wp\/v2\/product_cat?post=1559"},{"taxonomy":"product_tag","embeddable":true,"href":"https:\/\/sportat.se\/en\/wp-json\/wp\/v2\/product_tag?post=1559"}],"curies":[{"name":"wp","href":"https:\/\/api.w.org\/{rel}","templated":true}]}}