{"id":155,"date":"2019-01-12T19:04:30","date_gmt":"2019-01-12T19:04:30","guid":{"rendered":"http:\/\/sportat.se\/?post_type=product&#038;p=155"},"modified":"2020-01-20T21:16:40","modified_gmt":"2020-01-20T21:16:40","slug":"kvallspaddling","status":"publish","type":"product","link":"https:\/\/sportat.se\/en\/product\/kvallspaddling\/","title":{"rendered":"Kv\u00e4llspaddling"},"content":{"rendered":"","protected":false},"excerpt":{"rendered":"<p>Koppla av efter en l\u00e5ng dag p\u00e5 jobbet genom att paddla med oss. Vi paddlar olika turer p\u00e5 ca 90 min.<\/p>\n<p>Hyra av utrustning och teknik tips ing\u00e5r i priset.<\/p>\n<p>&nbsp;<\/p>","protected":false},"featured_media":1805,"template":"","meta":[],"product_brand":[],"product_cat":[28,88],"product_tag":[],"class_list":{"0":"post-155","1":"product","2":"type-product","3":"status-publish","4":"has-post-thumbnail","6":"product_cat-friskvard","7":"product_cat-paddling-friskvard","9":"first","10":"instock","11":"taxable","12":"shipping-taxable","13":"purchasable","14":"product-type-variable"},"_links":{"self":[{"href":"https:\/\/sportat.se\/en\/wp-json\/wp\/v2\/product\/155","targetHints":{"allow":["GET"]}}],"collection":[{"href":"https:\/\/sportat.se\/en\/wp-json\/wp\/v2\/product"}],"about":[{"href":"https:\/\/sportat.se\/en\/wp-json\/wp\/v2\/types\/product"}],"version-history":[{"count":1,"href":"https:\/\/sportat.se\/en\/wp-json\/wp\/v2\/product\/155\/revisions"}],"predecessor-version":[{"id":971,"href":"https:\/\/sportat.se\/en\/wp-json\/wp\/v2\/product\/155\/revisions\/971"}],"wp:featuredmedia":[{"embeddable":true,"href":"https:\/\/sportat.se\/en\/wp-json\/wp\/v2\/media\/1805"}],"wp:attachment":[{"href":"https:\/\/sportat.se\/en\/wp-json\/wp\/v2\/media?parent=155"}],"wp:term":[{"taxonomy":"product_brand","embeddable":true,"href":"https:\/\/sportat.se\/en\/wp-json\/wp\/v2\/product_brand?post=155"},{"taxonomy":"product_cat","embeddable":true,"href":"https:\/\/sportat.se\/en\/wp-json\/wp\/v2\/product_cat?post=155"},{"taxonomy":"product_tag","embeddable":true,"href":"https:\/\/sportat.se\/en\/wp-json\/wp\/v2\/product_tag?post=155"}],"curies":[{"name":"wp","href":"https:\/\/api.w.org\/{rel}","templated":true}]}}