{"id":1548,"date":"2019-12-28T16:08:12","date_gmt":"2019-12-28T16:08:12","guid":{"rendered":"http:\/\/sportat.se\/?post_type=product&#038;p=1548"},"modified":"2024-07-17T10:47:17","modified_gmt":"2024-07-17T10:47:17","slug":"paddel-polo-spike-s-multicolor","status":"publish","type":"product","link":"https:\/\/sportat.se\/en\/product\/paddel-polo-spike-s-multicolor\/","title":{"rendered":"Paddel POLO SPIKE S Multicolor"},"content":{"rendered":"<div>Bredd (cm): 21<\/div>\n<div class=\"field field-name-field-product-length field-type-text field-label-inline clearfix\">\n<div class=\"field-label\">L\u00e4ngd (cm): 44,5<\/div>\n<div>Yta (cm2): 681<\/div>\n<\/div>\n<div class=\"field field-name-field-product-area field-type-text field-label-above\">\n<div>Material: Blad Glasfiber, Skaft Aluminium<\/div>\n<\/div>\n<div class=\"field field-name-field-product-material field-type-text field-label-inline clearfix\">\n<div class=\"field-label\"><\/div>\n<\/div>","protected":false},"excerpt":{"rendered":"<p>SPIKE symmetriska paddel har n\u00e5got st\u00f6rre blad \u00e4n Polo Contact. Den har b\u00e4ttre vinklar p\u00e5 kraftytan f\u00f6r enklare passmottagning och bollskopning. Baksidan har en skena som forts\u00e4ttning p\u00e5 skaftet som f\u00f6rb\u00e4ttrar bollkontrollen avsev\u00e4rt, speciellt n\u00e4r du dribblar och skopar.<\/p>","protected":false},"featured_media":1552,"template":"","meta":[],"product_brand":[],"product_cat":[87],"product_tag":[],"class_list":{"0":"post-1548","1":"product","2":"type-product","3":"status-publish","4":"has-post-thumbnail","6":"product_cat-polo","8":"first","9":"instock","10":"taxable","11":"shipping-taxable","12":"purchasable","13":"product-type-simple"},"_links":{"self":[{"href":"https:\/\/sportat.se\/en\/wp-json\/wp\/v2\/product\/1548","targetHints":{"allow":["GET"]}}],"collection":[{"href":"https:\/\/sportat.se\/en\/wp-json\/wp\/v2\/product"}],"about":[{"href":"https:\/\/sportat.se\/en\/wp-json\/wp\/v2\/types\/product"}],"version-history":[{"count":1,"href":"https:\/\/sportat.se\/en\/wp-json\/wp\/v2\/product\/1548\/revisions"}],"predecessor-version":[{"id":2604,"href":"https:\/\/sportat.se\/en\/wp-json\/wp\/v2\/product\/1548\/revisions\/2604"}],"wp:featuredmedia":[{"embeddable":true,"href":"https:\/\/sportat.se\/en\/wp-json\/wp\/v2\/media\/1552"}],"wp:attachment":[{"href":"https:\/\/sportat.se\/en\/wp-json\/wp\/v2\/media?parent=1548"}],"wp:term":[{"taxonomy":"product_brand","embeddable":true,"href":"https:\/\/sportat.se\/en\/wp-json\/wp\/v2\/product_brand?post=1548"},{"taxonomy":"product_cat","embeddable":true,"href":"https:\/\/sportat.se\/en\/wp-json\/wp\/v2\/product_cat?post=1548"},{"taxonomy":"product_tag","embeddable":true,"href":"https:\/\/sportat.se\/en\/wp-json\/wp\/v2\/product_tag?post=1548"}],"curies":[{"name":"wp","href":"https:\/\/api.w.org\/{rel}","templated":true}]}}