{"id":1529,"date":"2019-12-28T15:43:43","date_gmt":"2019-12-28T15:43:43","guid":{"rendered":"http:\/\/sportat.se\/?post_type=product&#038;p=1529"},"modified":"2024-07-17T10:47:17","modified_gmt":"2024-07-17T10:47:17","slug":"paddel-polo-spike-a-elite","status":"publish","type":"product","link":"https:\/\/sportat.se\/en\/product\/paddel-polo-spike-a-elite\/","title":{"rendered":"Paddel POLO SPIKE A Elite"},"content":{"rendered":"<div>Bredd (cm): 20,5<\/div>\n<div class=\"field field-name-field-product-length field-type-text field-label-inline clearfix\">\n<div class=\"field-label\">L\u00e4ngd (cm): 43<\/div>\n<div>Yta (cm2): 622<\/div>\n<\/div>\n<div class=\"field field-name-field-product-area field-type-text field-label-above\">\n<div>Material: Kolfiber<\/div>\n<\/div>\n<div class=\"field field-name-field-product-material field-type-text field-label-inline clearfix\">\n<div class=\"field-label\"><\/div>\n<\/div>","protected":false},"excerpt":{"rendered":"<p>SPIKE har asymmetriska blad som \u00e4r n\u00e5got st\u00f6rre \u00e4n Polo Contact. Det m\u00f6jligg\u00f6r ocks\u00e5 ett mer effektivt fram\u00e5tdrag. Galasport har f\u00f6rb\u00e4ttrat vinklarna p\u00e5 kraftytan f\u00f6r enklare passningar, mottagning och bollskopning. Denna paddel passar bra till b\u00e5de nyb\u00f6rjare och erfarna paddlare.<\/p>","protected":false},"featured_media":5209,"template":"","meta":[],"product_brand":[],"product_cat":[87],"product_tag":[],"class_list":{"0":"post-1529","1":"product","2":"type-product","3":"status-publish","4":"has-post-thumbnail","6":"product_cat-polo","8":"first","9":"instock","10":"taxable","11":"shipping-taxable","12":"purchasable","13":"product-type-simple"},"_links":{"self":[{"href":"https:\/\/sportat.se\/en\/wp-json\/wp\/v2\/product\/1529","targetHints":{"allow":["GET"]}}],"collection":[{"href":"https:\/\/sportat.se\/en\/wp-json\/wp\/v2\/product"}],"about":[{"href":"https:\/\/sportat.se\/en\/wp-json\/wp\/v2\/types\/product"}],"version-history":[{"count":1,"href":"https:\/\/sportat.se\/en\/wp-json\/wp\/v2\/product\/1529\/revisions"}],"predecessor-version":[{"id":2831,"href":"https:\/\/sportat.se\/en\/wp-json\/wp\/v2\/product\/1529\/revisions\/2831"}],"wp:featuredmedia":[{"embeddable":true,"href":"https:\/\/sportat.se\/en\/wp-json\/wp\/v2\/media\/5209"}],"wp:attachment":[{"href":"https:\/\/sportat.se\/en\/wp-json\/wp\/v2\/media?parent=1529"}],"wp:term":[{"taxonomy":"product_brand","embeddable":true,"href":"https:\/\/sportat.se\/en\/wp-json\/wp\/v2\/product_brand?post=1529"},{"taxonomy":"product_cat","embeddable":true,"href":"https:\/\/sportat.se\/en\/wp-json\/wp\/v2\/product_cat?post=1529"},{"taxonomy":"product_tag","embeddable":true,"href":"https:\/\/sportat.se\/en\/wp-json\/wp\/v2\/product_tag?post=1529"}],"curies":[{"name":"wp","href":"https:\/\/api.w.org\/{rel}","templated":true}]}}