{"id":1502,"date":"2019-12-28T12:12:52","date_gmt":"2019-12-28T12:12:52","guid":{"rendered":"http:\/\/sportat.se\/?post_type=product&#038;p=1502"},"modified":"2024-07-17T10:47:17","modified_gmt":"2024-07-17T10:47:17","slug":"paddel-polo-laki-elite","status":"publish","type":"product","link":"https:\/\/sportat.se\/en\/product\/paddel-polo-laki-elite\/","title":{"rendered":"Paddel POLO LAKI Elite"},"content":{"rendered":"<div>Bredd (cm): 21<\/div>\n<div class=\"field field-name-field-product-length field-type-text field-label-inline clearfix\">\n<div class=\"field-label\">L\u00e4ngd (cm): 49,5<\/div>\n<\/div>\n<div class=\"field field-name-field-product-area field-type-text field-label-above\">\n<div>Material: Kolfiber<\/div>\n<\/div>\n<div class=\"field field-name-field-product-material field-type-text field-label-inline clearfix\">\n<div class=\"field-label\"><\/div>\n<\/div>","protected":false},"excerpt":{"rendered":"<p>Polo LAKI paddeln utvecklades av den popul\u00e4ra slalom paddeln LAKI. Paddel fungerar mycket bra vid acceleration och bollkontroll. Den nya innovativa konstruktionen g\u00f6r den l\u00e4ttare, starkare och \u00f6verensst\u00e4mmer med s\u00e4kerhetsreglerna.\u00a0Denna kolfiberversion rekommenderas inte f\u00f6r m\u00e5lvakter.<\/p>","protected":false},"featured_media":1499,"template":"","meta":[],"product_brand":[],"product_cat":[87],"product_tag":[],"class_list":{"0":"post-1502","1":"product","2":"type-product","3":"status-publish","4":"has-post-thumbnail","6":"product_cat-polo","8":"first","9":"instock","10":"taxable","11":"shipping-taxable","12":"purchasable","13":"product-type-simple"},"_links":{"self":[{"href":"https:\/\/sportat.se\/en\/wp-json\/wp\/v2\/product\/1502","targetHints":{"allow":["GET"]}}],"collection":[{"href":"https:\/\/sportat.se\/en\/wp-json\/wp\/v2\/product"}],"about":[{"href":"https:\/\/sportat.se\/en\/wp-json\/wp\/v2\/types\/product"}],"version-history":[{"count":1,"href":"https:\/\/sportat.se\/en\/wp-json\/wp\/v2\/product\/1502\/revisions"}],"predecessor-version":[{"id":2833,"href":"https:\/\/sportat.se\/en\/wp-json\/wp\/v2\/product\/1502\/revisions\/2833"}],"wp:featuredmedia":[{"embeddable":true,"href":"https:\/\/sportat.se\/en\/wp-json\/wp\/v2\/media\/1499"}],"wp:attachment":[{"href":"https:\/\/sportat.se\/en\/wp-json\/wp\/v2\/media?parent=1502"}],"wp:term":[{"taxonomy":"product_brand","embeddable":true,"href":"https:\/\/sportat.se\/en\/wp-json\/wp\/v2\/product_brand?post=1502"},{"taxonomy":"product_cat","embeddable":true,"href":"https:\/\/sportat.se\/en\/wp-json\/wp\/v2\/product_cat?post=1502"},{"taxonomy":"product_tag","embeddable":true,"href":"https:\/\/sportat.se\/en\/wp-json\/wp\/v2\/product_tag?post=1502"}],"curies":[{"name":"wp","href":"https:\/\/api.w.org\/{rel}","templated":true}]}}