{"id":1501,"date":"2019-12-28T12:00:49","date_gmt":"2019-12-28T12:00:49","guid":{"rendered":"http:\/\/sportat.se\/?post_type=product&#038;p=1501"},"modified":"2024-07-17T10:47:17","modified_gmt":"2024-07-17T10:47:17","slug":"paddel-laki-midi-elite","status":"publish","type":"product","link":"https:\/\/sportat.se\/en\/product\/paddel-laki-midi-elite\/","title":{"rendered":"Paddel LAKI Midi Elite"},"content":{"rendered":"<div>Bredd (cm): 19,9<\/div>\n<div class=\"field field-name-field-product-length field-type-text field-label-inline clearfix\">\n<div class=\"field-label\">L\u00e4ngd (cm): 49<\/div>\n<\/div>\n<div class=\"field field-name-field-product-area field-type-text field-label-above\">\n<div class=\"field-label\">Yta (cm2): 654<\/div>\n<div>Material: Kolfiber<\/div>\n<\/div>\n<div class=\"field field-name-field-product-material field-type-text field-label-inline clearfix\">\n<div class=\"field-label\"><\/div>\n<\/div>","protected":false},"excerpt":{"rendered":"<p>LAKI paddeln \u00e4r en efterf\u00f6ljare till den popul\u00e4ra CONTACT modellen. Bladets yta har f\u00f6r\u00e4ndrats p\u00e5 s\u00e5 s\u00e4tt att LAKI har mer yta f\u00f6rlagt mot \u00e4nden p\u00e5 bladet. Kraft\u00f6verf\u00f6ringen blir p\u00e5 s\u00e5 s\u00e4tt mer tydlig i b\u00f6rjan av draget j\u00e4mf\u00f6rt med CONTACT paddeln. LAKI paddel passar bra f\u00f6r paddlare med aggressiv paddelstil.<\/p>\n<p>Midi modellen passar paddlare upp till 75 kg.<\/p>","protected":false},"featured_media":1499,"template":"","meta":[],"product_brand":[],"product_cat":[40,57],"product_tag":[],"class_list":{"0":"post-1501","1":"product","2":"type-product","3":"status-publish","4":"has-post-thumbnail","6":"product_cat-paddlar","7":"product_cat-slalompaddlar","9":"first","10":"instock","11":"taxable","12":"shipping-taxable","13":"purchasable","14":"product-type-simple"},"_links":{"self":[{"href":"https:\/\/sportat.se\/en\/wp-json\/wp\/v2\/product\/1501","targetHints":{"allow":["GET"]}}],"collection":[{"href":"https:\/\/sportat.se\/en\/wp-json\/wp\/v2\/product"}],"about":[{"href":"https:\/\/sportat.se\/en\/wp-json\/wp\/v2\/types\/product"}],"version-history":[{"count":1,"href":"https:\/\/sportat.se\/en\/wp-json\/wp\/v2\/product\/1501\/revisions"}],"predecessor-version":[{"id":2834,"href":"https:\/\/sportat.se\/en\/wp-json\/wp\/v2\/product\/1501\/revisions\/2834"}],"wp:featuredmedia":[{"embeddable":true,"href":"https:\/\/sportat.se\/en\/wp-json\/wp\/v2\/media\/1499"}],"wp:attachment":[{"href":"https:\/\/sportat.se\/en\/wp-json\/wp\/v2\/media?parent=1501"}],"wp:term":[{"taxonomy":"product_brand","embeddable":true,"href":"https:\/\/sportat.se\/en\/wp-json\/wp\/v2\/product_brand?post=1501"},{"taxonomy":"product_cat","embeddable":true,"href":"https:\/\/sportat.se\/en\/wp-json\/wp\/v2\/product_cat?post=1501"},{"taxonomy":"product_tag","embeddable":true,"href":"https:\/\/sportat.se\/en\/wp-json\/wp\/v2\/product_tag?post=1501"}],"curies":[{"name":"wp","href":"https:\/\/api.w.org\/{rel}","templated":true}]}}