{"id":1492,"date":"2019-12-28T11:25:48","date_gmt":"2019-12-28T11:25:48","guid":{"rendered":"http:\/\/sportat.se\/?post_type=product&#038;p=1492"},"modified":"2024-07-17T10:47:17","modified_gmt":"2024-07-17T10:47:17","slug":"paddel-naja-maxi-elite","status":"publish","type":"product","link":"https:\/\/sportat.se\/en\/product\/paddel-naja-maxi-elite\/","title":{"rendered":"Paddel NAJA Maxi Elite"},"content":{"rendered":"<div>Bredd (cm): 20,7<\/div>\n<div class=\"field field-name-field-product-length field-type-text field-label-inline clearfix\">\n<div class=\"field-label\">L\u00e4ngd (cm): 50<\/div>\n<\/div>\n<div class=\"field field-name-field-product-area field-type-text field-label-above\">\n<div class=\"field-label\">Yta (cm2): 712<\/div>\n<div>Material: Kolfiber<\/div>\n<\/div>\n<div class=\"field field-name-field-product-material field-type-text field-label-inline clearfix\">\n<div class=\"field-label\"><\/div>\n<\/div>","protected":false},"excerpt":{"rendered":"<p>NAJA paddel \u00e4r en helt ny sp\u00e4nnande design som har en extrem off-center i f\u00f6rh\u00e5llande till paddelskaftet (8mm). Det i kombination med NAJA-bladets profil ger fantastisk grepp i vattnet. NAJA Maxi \u00e4r paddeln som kr\u00e4ver mycket kraft och som passar bra f\u00f6r snabba accelerationer och en aggressiv paddelstil.<\/p>","protected":false},"featured_media":1145,"template":"","meta":[],"product_brand":[],"product_cat":[40,57],"product_tag":[],"class_list":{"0":"post-1492","1":"product","2":"type-product","3":"status-publish","4":"has-post-thumbnail","6":"product_cat-paddlar","7":"product_cat-slalompaddlar","9":"first","10":"instock","11":"taxable","12":"shipping-taxable","13":"purchasable","14":"product-type-simple"},"_links":{"self":[{"href":"https:\/\/sportat.se\/en\/wp-json\/wp\/v2\/product\/1492","targetHints":{"allow":["GET"]}}],"collection":[{"href":"https:\/\/sportat.se\/en\/wp-json\/wp\/v2\/product"}],"about":[{"href":"https:\/\/sportat.se\/en\/wp-json\/wp\/v2\/types\/product"}],"version-history":[{"count":2,"href":"https:\/\/sportat.se\/en\/wp-json\/wp\/v2\/product\/1492\/revisions"}],"predecessor-version":[{"id":2837,"href":"https:\/\/sportat.se\/en\/wp-json\/wp\/v2\/product\/1492\/revisions\/2837"}],"wp:featuredmedia":[{"embeddable":true,"href":"https:\/\/sportat.se\/en\/wp-json\/wp\/v2\/media\/1145"}],"wp:attachment":[{"href":"https:\/\/sportat.se\/en\/wp-json\/wp\/v2\/media?parent=1492"}],"wp:term":[{"taxonomy":"product_brand","embeddable":true,"href":"https:\/\/sportat.se\/en\/wp-json\/wp\/v2\/product_brand?post=1492"},{"taxonomy":"product_cat","embeddable":true,"href":"https:\/\/sportat.se\/en\/wp-json\/wp\/v2\/product_cat?post=1492"},{"taxonomy":"product_tag","embeddable":true,"href":"https:\/\/sportat.se\/en\/wp-json\/wp\/v2\/product_tag?post=1492"}],"curies":[{"name":"wp","href":"https:\/\/api.w.org\/{rel}","templated":true}]}}