{"id":1489,"date":"2019-12-28T11:05:45","date_gmt":"2019-12-28T11:05:45","guid":{"rendered":"http:\/\/sportat.se\/?post_type=product&#038;p=1489"},"modified":"2024-07-17T10:47:17","modified_gmt":"2024-07-17T10:47:17","slug":"paddel-meg-xl-elite","status":"publish","type":"product","link":"https:\/\/sportat.se\/en\/product\/paddel-meg-xl-elite\/","title":{"rendered":"Paddel MEG XL Elite"},"content":{"rendered":"<div>Bredd (cm): 20,5<\/div>\n<div class=\"field field-name-field-product-length field-type-text field-label-inline clearfix\">\n<div class=\"field-label\">L\u00e4ngd (cm): 48,5<\/div>\n<\/div>\n<div class=\"field field-name-field-product-area field-type-text field-label-above\">\n<div class=\"field-label\">Yta (cm2): 704<\/div>\n<div>Material: Kolfiber<\/div>\n<\/div>\n<div class=\"field field-name-field-product-material field-type-text field-label-inline clearfix\">\n<div class=\"field-label\"><\/div>\n<\/div>","protected":false},"excerpt":{"rendered":"<p>MEG paddel \u00e4r designat f\u00f6r paddlare som f\u00f6redrar mindre offset blad j\u00e4mf\u00f6rt med NAJA eller RAVEN. Paddeln \u00e4r baserat p\u00e5\u00a0 LAKI modellen, men MEG \u00e4r kortare, bredare och mer rundad, vilket ger ett mycket stabilt drag genom vattnet. Denna paddel \u00e4r ocks\u00e5 m\u00e4rkbart l\u00e4ttare \u00e4n tidigare blad.\u00a0MEG designades i samarbete med tv\u00e5 av de b\u00e4sta slovenska slalompaddlare, Jure Meglic och Vid Karner. Nya storlekar designades av den slovenska tr\u00e4naren Ale\u0161 Kuder.\u00a0Storlek XL \u00e4r l\u00e4mplig f\u00f6r riktigt starka paddlare!<\/p>","protected":false},"featured_media":1198,"template":"","meta":[],"product_brand":[],"product_cat":[40,57],"product_tag":[],"class_list":{"0":"post-1489","1":"product","2":"type-product","3":"status-publish","4":"has-post-thumbnail","6":"product_cat-paddlar","7":"product_cat-slalompaddlar","9":"first","10":"instock","11":"taxable","12":"shipping-taxable","13":"purchasable","14":"product-type-simple"},"_links":{"self":[{"href":"https:\/\/sportat.se\/en\/wp-json\/wp\/v2\/product\/1489","targetHints":{"allow":["GET"]}}],"collection":[{"href":"https:\/\/sportat.se\/en\/wp-json\/wp\/v2\/product"}],"about":[{"href":"https:\/\/sportat.se\/en\/wp-json\/wp\/v2\/types\/product"}],"version-history":[{"count":1,"href":"https:\/\/sportat.se\/en\/wp-json\/wp\/v2\/product\/1489\/revisions"}],"predecessor-version":[{"id":2840,"href":"https:\/\/sportat.se\/en\/wp-json\/wp\/v2\/product\/1489\/revisions\/2840"}],"wp:featuredmedia":[{"embeddable":true,"href":"https:\/\/sportat.se\/en\/wp-json\/wp\/v2\/media\/1198"}],"wp:attachment":[{"href":"https:\/\/sportat.se\/en\/wp-json\/wp\/v2\/media?parent=1489"}],"wp:term":[{"taxonomy":"product_brand","embeddable":true,"href":"https:\/\/sportat.se\/en\/wp-json\/wp\/v2\/product_brand?post=1489"},{"taxonomy":"product_cat","embeddable":true,"href":"https:\/\/sportat.se\/en\/wp-json\/wp\/v2\/product_cat?post=1489"},{"taxonomy":"product_tag","embeddable":true,"href":"https:\/\/sportat.se\/en\/wp-json\/wp\/v2\/product_tag?post=1489"}],"curies":[{"name":"wp","href":"https:\/\/api.w.org\/{rel}","templated":true}]}}