{"id":1487,"date":"2019-12-28T10:47:39","date_gmt":"2019-12-28T10:47:39","guid":{"rendered":"http:\/\/sportat.se\/?post_type=product&#038;p=1487"},"modified":"2025-05-23T21:22:10","modified_gmt":"2025-05-23T19:22:10","slug":"paddel-contact-maxi-c-a","status":"publish","type":"product","link":"https:\/\/sportat.se\/en\/product\/paddel-contact-maxi-c-a\/","title":{"rendered":"Paddel Contact Maxi C\/A"},"content":{"rendered":"<div>Bredd (cm): 20,40<\/div>\n<div class=\"field field-name-field-product-length field-type-text field-label-inline clearfix\">\n<div class=\"field-label\">L\u00e4ngd (cm): 50<\/div>\n<\/div>\n<div class=\"field field-name-field-product-area field-type-text field-label-above\">\n<div class=\"field-label\">Yta (cm2): 702<\/div>\n<div>Material: Kolfiber\/Aramid<\/div>\n<\/div>\n<div class=\"field field-name-field-product-material field-type-text field-label-inline clearfix\">\n<div class=\"field-label\"><\/div>\n<\/div>","protected":false},"excerpt":{"rendered":"<p>Contact paddeln har funnits p\u00e5 marknaden under l\u00e4ngre tid och \u00e4r en v\u00e4ldigt omtyckt paddel hos paddlare med en lugnare paddelstil. Paddel som sitter stabilt i vattnet ger fint driv fram\u00e5t och bra kontroll i sv\u00e4ngarna.<\/p>\n<p>Modell Maxi C\/A \u00e4r tillverkad i en blandning av kolfiber och aramid. En kombination som g\u00f6r paddeln lite mer elastisk j\u00e4mf\u00f6rt med Elite modellen. Contact Maxi har stora blad som passar till starka paddlare.<\/p>","protected":false},"featured_media":1477,"template":"","meta":[],"product_brand":[],"product_cat":[40,57],"product_tag":[],"class_list":{"0":"post-1487","1":"product","2":"type-product","3":"status-publish","4":"has-post-thumbnail","6":"product_cat-paddlar","7":"product_cat-slalompaddlar","9":"first","10":"instock","11":"taxable","12":"shipping-taxable","13":"purchasable","14":"product-type-simple"},"_links":{"self":[{"href":"https:\/\/sportat.se\/en\/wp-json\/wp\/v2\/product\/1487","targetHints":{"allow":["GET"]}}],"collection":[{"href":"https:\/\/sportat.se\/en\/wp-json\/wp\/v2\/product"}],"about":[{"href":"https:\/\/sportat.se\/en\/wp-json\/wp\/v2\/types\/product"}],"version-history":[{"count":1,"href":"https:\/\/sportat.se\/en\/wp-json\/wp\/v2\/product\/1487\/revisions"}],"predecessor-version":[{"id":2842,"href":"https:\/\/sportat.se\/en\/wp-json\/wp\/v2\/product\/1487\/revisions\/2842"}],"wp:featuredmedia":[{"embeddable":true,"href":"https:\/\/sportat.se\/en\/wp-json\/wp\/v2\/media\/1477"}],"wp:attachment":[{"href":"https:\/\/sportat.se\/en\/wp-json\/wp\/v2\/media?parent=1487"}],"wp:term":[{"taxonomy":"product_brand","embeddable":true,"href":"https:\/\/sportat.se\/en\/wp-json\/wp\/v2\/product_brand?post=1487"},{"taxonomy":"product_cat","embeddable":true,"href":"https:\/\/sportat.se\/en\/wp-json\/wp\/v2\/product_cat?post=1487"},{"taxonomy":"product_tag","embeddable":true,"href":"https:\/\/sportat.se\/en\/wp-json\/wp\/v2\/product_tag?post=1487"}],"curies":[{"name":"wp","href":"https:\/\/api.w.org\/{rel}","templated":true}]}}