{"id":1486,"date":"2019-12-28T10:41:36","date_gmt":"2019-12-28T10:41:36","guid":{"rendered":"http:\/\/sportat.se\/?post_type=product&#038;p=1486"},"modified":"2025-05-23T21:22:10","modified_gmt":"2025-05-23T19:22:10","slug":"paddel-contact-midi-c-a","status":"publish","type":"product","link":"https:\/\/sportat.se\/en\/product\/paddel-contact-midi-c-a\/","title":{"rendered":"Paddel Contact Midi C\/A"},"content":{"rendered":"<div>Bredd (cm): 19,8<\/div>\n<div class=\"field field-name-field-product-length field-type-text field-label-inline clearfix\">\n<div class=\"field-label\">L\u00e4ngd (cm): 47,5<\/div>\n<\/div>\n<div class=\"field field-name-field-product-area field-type-text field-label-above\">\n<div class=\"field-label\">Yta (cm2): 628<\/div>\n<div>Material: Kolfiber\/Aramid<\/div>\n<\/div>\n<div class=\"field field-name-field-product-material field-type-text field-label-inline clearfix\">\n<div class=\"field-label\"><\/div>\n<\/div>","protected":false},"excerpt":{"rendered":"<p>Contact paddeln har funnits p\u00e5 marknaden under l\u00e4ngre tid och \u00e4r en v\u00e4ldigt omtyckt paddel hos paddlare med en lugnare paddelstil. Paddel som sitter stabilt i vattnet ger fint driv fram\u00e5t och bra kontroll i sv\u00e4ngarna.<\/p>\n<p>Modell Midi A\/C \u00e4r l\u00e4ttviktspaddel tillverkat i kolfiber\/aramid.<\/p>","protected":false},"featured_media":1477,"template":"","meta":[],"product_brand":[],"product_cat":[40,57],"product_tag":[],"class_list":{"0":"post-1486","1":"product","2":"type-product","3":"status-publish","4":"has-post-thumbnail","6":"product_cat-paddlar","7":"product_cat-slalompaddlar","9":"first","10":"instock","11":"taxable","12":"shipping-taxable","13":"purchasable","14":"product-type-simple"},"_links":{"self":[{"href":"https:\/\/sportat.se\/en\/wp-json\/wp\/v2\/product\/1486","targetHints":{"allow":["GET"]}}],"collection":[{"href":"https:\/\/sportat.se\/en\/wp-json\/wp\/v2\/product"}],"about":[{"href":"https:\/\/sportat.se\/en\/wp-json\/wp\/v2\/types\/product"}],"version-history":[{"count":1,"href":"https:\/\/sportat.se\/en\/wp-json\/wp\/v2\/product\/1486\/revisions"}],"predecessor-version":[{"id":2843,"href":"https:\/\/sportat.se\/en\/wp-json\/wp\/v2\/product\/1486\/revisions\/2843"}],"wp:featuredmedia":[{"embeddable":true,"href":"https:\/\/sportat.se\/en\/wp-json\/wp\/v2\/media\/1477"}],"wp:attachment":[{"href":"https:\/\/sportat.se\/en\/wp-json\/wp\/v2\/media?parent=1486"}],"wp:term":[{"taxonomy":"product_brand","embeddable":true,"href":"https:\/\/sportat.se\/en\/wp-json\/wp\/v2\/product_brand?post=1486"},{"taxonomy":"product_cat","embeddable":true,"href":"https:\/\/sportat.se\/en\/wp-json\/wp\/v2\/product_cat?post=1486"},{"taxonomy":"product_tag","embeddable":true,"href":"https:\/\/sportat.se\/en\/wp-json\/wp\/v2\/product_tag?post=1486"}],"curies":[{"name":"wp","href":"https:\/\/api.w.org\/{rel}","templated":true}]}}